{"id":3429,"date":"2022-05-10T11:10:56","date_gmt":"2022-05-10T11:10:56","guid":{"rendered":"https:\/\/amberdistribution.lv\/?post_type=product&#038;p=3429"},"modified":"2023-08-21T08:58:06","modified_gmt":"2023-08-21T08:58:06","slug":"arinzano-hacienda-vino-de-pago-tinto","status":"publish","type":"product","link":"https:\/\/amberdistribution.lv\/lv\/product\/arinzano-hacienda-vino-de-pago-tinto\/","title":{"rendered":"Arinzano Hacienda Vino De Pago Tinto"},"content":{"rendered":"<p>Arinzano Hacienda Vino De Pago Tinto v\u012bns veidots no 80% Tempranillo, 10% Merlot, 10% Cabernet Sauvignon v\u012bnogu \u0161\u0137irn\u0113m. V\u012bns tiek nogatavin\u0101ts 14 m\u0113ne\u0161us fran\u010du izcelsmes ozolkoka muc\u0101s, no kur\u0101m 40% ir jaunas, bet 60% - viena gada vecas mucas. V\u012bna kras\u0101 ir spilgta, gran\u0101t sarkana. T\u0101 arom\u0101tu bu\u0137ete ir intens\u012bva, kur\u0101 j\u016btamas meln\u0101s ogas, gar\u0161vielas, kan\u0113lis, d\u016bmi, grauzd\u0113ta kafija un lakrica.<\/p>\n<p>Gar\u0161as palete ir intens\u012bva, pies\u0101tin\u0101ta un pilnmies\u012bga. To papildina notur\u012bga un ilga p\u0113cgar\u0161a un izcils balanss, nobriedu\u0161i un visai saldi tan\u012bni.<\/p>\n<p>V\u012bnam piem\u012bt izcils potenci\u0101ls uz nogatavin\u0101\u0161anu. Variet to noglab\u0101t savos v\u012bna pagrabos l\u012bdz pat 6 gadiem.<\/p>\n<p>Ieteicas pasniegt 16-18\u00b0C temperat\u016br\u0101 un tas b\u016bs ide\u0101ls sabiedrotais pie ga\u013cas \u0113dieniem, k\u0101 ar\u012b nogatavin\u0101tiem sieriem.<\/p>\n","protected":false},"excerpt":{"rendered":"<p>Arinzano Hacienda Vino De Pago Tinto v\u012bns veidots no 80% Tempranillo, 10% Merlot, 10% Cabernet Sauvignon v\u012bnogu \u0161\u0137irn\u0113m. V\u012bns tiek nogatavin\u0101ts 14 m\u0113ne\u0161us fran\u010du izcelsmes ozolkoka muc\u0101s, no kur\u0101m 40%...<\/p>\n","protected":false},"featured_media":5934,"template":"","meta":[],"product_cat":[421],"product_tag":[],"acf":[],"_links":{"self":[{"href":"https:\/\/amberdistribution.lv\/lv\/wp-json\/wp\/v2\/product\/3429"}],"collection":[{"href":"https:\/\/amberdistribution.lv\/lv\/wp-json\/wp\/v2\/product"}],"about":[{"href":"https:\/\/amberdistribution.lv\/lv\/wp-json\/wp\/v2\/types\/product"}],"wp:featuredmedia":[{"embeddable":true,"href":"https:\/\/amberdistribution.lv\/lv\/wp-json\/wp\/v2\/media\/5934"}],"wp:attachment":[{"href":"https:\/\/amberdistribution.lv\/lv\/wp-json\/wp\/v2\/media?parent=3429"}],"wp:term":[{"taxonomy":"product_cat","embeddable":true,"href":"https:\/\/amberdistribution.lv\/lv\/wp-json\/wp\/v2\/product_cat?post=3429"},{"taxonomy":"product_tag","embeddable":true,"href":"https:\/\/amberdistribution.lv\/lv\/wp-json\/wp\/v2\/product_tag?post=3429"}],"curies":[{"name":"wp","href":"https:\/\/api.w.org\/{rel}","templated":true}]}}