{"id":3486,"date":"2022-05-10T13:36:53","date_gmt":"2022-05-10T13:36:53","guid":{"rendered":"https:\/\/amberdistribution.lv\/?post_type=product&#038;p=3486"},"modified":"2023-03-01T11:30:18","modified_gmt":"2023-03-01T11:30:18","slug":"the-cloud-factory-sauvignon-blanc","status":"publish","type":"product","link":"https:\/\/amberdistribution.lv\/lv\/product\/the-cloud-factory-sauvignon-blanc\/","title":{"rendered":"The Cloud Factory Sauvignon Blanc"},"content":{"rendered":"<p>The Cloud Factory Sauvignon Blanc v\u012bna bu\u0137et\u0113 j\u016btami za\u013cie pipari, laims, tropiskie aug\u013ci un laba mineralit\u0101te. V\u012bns ir svaigs un viegli dzerams. Ieteicams baud\u012bt atdzes\u0113tu k\u0101 aperit\u012bvu vai ar svaigu zivju \u0113dieniem un j\u016bras velt\u0113m.<\/p>\n","protected":false},"excerpt":{"rendered":"<p>The Cloud Factory Sauvignon Blanc v\u012bna bu\u0137et\u0113 j\u016btami za\u013cie pipari, laims, tropiskie aug\u013ci un laba mineralit\u0101te. V\u012bns ir svaigs un viegli dzerams. Ieteicams baud\u012bt atdzes\u0113tu k\u0101 aperit\u012bvu vai ar svaigu...<\/p>\n","protected":false},"featured_media":3487,"template":"","meta":[],"product_cat":[429],"product_tag":[],"acf":[],"_links":{"self":[{"href":"https:\/\/amberdistribution.lv\/lv\/wp-json\/wp\/v2\/product\/3486"}],"collection":[{"href":"https:\/\/amberdistribution.lv\/lv\/wp-json\/wp\/v2\/product"}],"about":[{"href":"https:\/\/amberdistribution.lv\/lv\/wp-json\/wp\/v2\/types\/product"}],"wp:featuredmedia":[{"embeddable":true,"href":"https:\/\/amberdistribution.lv\/lv\/wp-json\/wp\/v2\/media\/3487"}],"wp:attachment":[{"href":"https:\/\/amberdistribution.lv\/lv\/wp-json\/wp\/v2\/media?parent=3486"}],"wp:term":[{"taxonomy":"product_cat","embeddable":true,"href":"https:\/\/amberdistribution.lv\/lv\/wp-json\/wp\/v2\/product_cat?post=3486"},{"taxonomy":"product_tag","embeddable":true,"href":"https:\/\/amberdistribution.lv\/lv\/wp-json\/wp\/v2\/product_tag?post=3486"}],"curies":[{"name":"wp","href":"https:\/\/api.w.org\/{rel}","templated":true}]}}