{"id":3522,"date":"2022-05-10T14:03:04","date_gmt":"2022-05-10T14:03:04","guid":{"rendered":"https:\/\/amberdistribution.lv\/?post_type=product&#038;p=3522"},"modified":"2023-02-16T13:12:41","modified_gmt":"2023-02-16T13:12:41","slug":"becksteiner-winzer-freihand-riesling-qba-trocken","status":"publish","type":"product","link":"https:\/\/amberdistribution.lv\/lv\/product\/becksteiner-winzer-freihand-riesling-qba-trocken\/","title":{"rendered":"Becksteiner Winzer FREIHAND Riesling  QbA trocken"},"content":{"rendered":"<p>Becksteiner Winzer FREIHAND Riesling QbA trocken ir sausais baltv\u012bns no V\u0101cijas, B\u0101denes Tauberfrankenas re\u0123iona, veidots no Riesling \u00a0\u0161\u0137irnes v\u012bnog\u0101m. V\u012bdaris Florian Doller \u0161o v\u012bnu gatavojis sekojot modern\u0101kaj\u0101m Jaunz\u0113landes v\u012bnu tendenc\u0113m. V\u012bnam rakstur\u012bga skaisti zeltaina kr\u0101sa, pat\u012bkami svaigi citrusaug\u013cu, persiku un balto ziedu arom\u0101ti, labi sabalans\u0113ta, viegli miner\u0101la gar\u0161a.<\/p>\n<p>Lieliski sader\u0113s ar ziv\u012bm, pastu, wok tipa \u0113dieniem. Ieteicams pasniegt atdzes\u0113tu l\u012bdz 8-10 \u00b0C.<\/p>\n","protected":false},"excerpt":{"rendered":"<p>Becksteiner Winzer FREIHAND Riesling QbA trocken ir sausais baltv\u012bns no V\u0101cijas, B\u0101denes Tauberfrankenas re\u0123iona, veidots no Riesling \u00a0\u0161\u0137irnes v\u012bnog\u0101m. V\u012bdaris Florian Doller \u0161o v\u012bnu gatavojis sekojot modern\u0101kaj\u0101m Jaunz\u0113landes v\u012bnu tendenc\u0113m....<\/p>\n","protected":false},"featured_media":3518,"template":"","meta":[],"product_cat":[433],"product_tag":[],"acf":[],"_links":{"self":[{"href":"https:\/\/amberdistribution.lv\/lv\/wp-json\/wp\/v2\/product\/3522"}],"collection":[{"href":"https:\/\/amberdistribution.lv\/lv\/wp-json\/wp\/v2\/product"}],"about":[{"href":"https:\/\/amberdistribution.lv\/lv\/wp-json\/wp\/v2\/types\/product"}],"wp:featuredmedia":[{"embeddable":true,"href":"https:\/\/amberdistribution.lv\/lv\/wp-json\/wp\/v2\/media\/3518"}],"wp:attachment":[{"href":"https:\/\/amberdistribution.lv\/lv\/wp-json\/wp\/v2\/media?parent=3522"}],"wp:term":[{"taxonomy":"product_cat","embeddable":true,"href":"https:\/\/amberdistribution.lv\/lv\/wp-json\/wp\/v2\/product_cat?post=3522"},{"taxonomy":"product_tag","embeddable":true,"href":"https:\/\/amberdistribution.lv\/lv\/wp-json\/wp\/v2\/product_tag?post=3522"}],"curies":[{"name":"wp","href":"https:\/\/api.w.org\/{rel}","templated":true}]}}