{"id":3523,"date":"2022-05-10T14:05:39","date_gmt":"2022-05-10T14:05:39","guid":{"rendered":"https:\/\/amberdistribution.lv\/?post_type=product&#038;p=3523"},"modified":"2023-02-16T13:05:24","modified_gmt":"2023-02-16T13:05:24","slug":"becksteiner-winzer-muller-thurgau-qba-trocken","status":"publish","type":"product","link":"https:\/\/amberdistribution.lv\/lv\/product\/becksteiner-winzer-muller-thurgau-qba-trocken\/","title":{"rendered":"Becksteiner Winzer M\u00fcller-Thurgau QbA trocken"},"content":{"rendered":"<p>Becksteiner Winzer M\u00fcller-Thurgau QbA trocken ir sausais baltv\u012bns no V\u0101cijas, B\u0101denes Tauberfrankenas re\u0123iona, veidots no M\u00fcller-Thurgau \u0161\u0137irnes v\u012bnog\u0101m. V\u012bnam rakstur\u012bga gai\u0161i\u00a0 zeltaina nokr\u0101sa, pat\u012bkami\u00a0 \u0101bolu, mirabellas pl\u016bmju un\u00a0 muskatrieksta arom\u0101ti, aug\u013caina,\u00a0 labi sabalans\u0113ta, viegli miner\u0101la gar\u0161a.<\/p>\n<p>Lieliski sader\u0113s ar sal\u0101tiem, zup\u0101m, spar\u0123e\u013ciem, d\u0101rze\u0146u \u0113dieniem. Ieteicams pasniegt atdzes\u0113tu l\u012bdz 8-10 \u00b0C.<\/p>\n","protected":false},"excerpt":{"rendered":"<p>Becksteiner Winzer M\u00fcller-Thurgau QbA trocken ir sausais baltv\u012bns no V\u0101cijas, B\u0101denes Tauberfrankenas re\u0123iona, veidots no M\u00fcller-Thurgau \u0161\u0137irnes v\u012bnog\u0101m. V\u012bnam rakstur\u012bga gai\u0161i\u00a0 zeltaina nokr\u0101sa, pat\u012bkami\u00a0 \u0101bolu, mirabellas pl\u016bmju un\u00a0 muskatrieksta arom\u0101ti,...<\/p>\n","protected":false},"featured_media":3514,"template":"","meta":[],"product_cat":[433],"product_tag":[],"acf":[],"_links":{"self":[{"href":"https:\/\/amberdistribution.lv\/lv\/wp-json\/wp\/v2\/product\/3523"}],"collection":[{"href":"https:\/\/amberdistribution.lv\/lv\/wp-json\/wp\/v2\/product"}],"about":[{"href":"https:\/\/amberdistribution.lv\/lv\/wp-json\/wp\/v2\/types\/product"}],"wp:featuredmedia":[{"embeddable":true,"href":"https:\/\/amberdistribution.lv\/lv\/wp-json\/wp\/v2\/media\/3514"}],"wp:attachment":[{"href":"https:\/\/amberdistribution.lv\/lv\/wp-json\/wp\/v2\/media?parent=3523"}],"wp:term":[{"taxonomy":"product_cat","embeddable":true,"href":"https:\/\/amberdistribution.lv\/lv\/wp-json\/wp\/v2\/product_cat?post=3523"},{"taxonomy":"product_tag","embeddable":true,"href":"https:\/\/amberdistribution.lv\/lv\/wp-json\/wp\/v2\/product_tag?post=3523"}],"curies":[{"name":"wp","href":"https:\/\/api.w.org\/{rel}","templated":true}]}}