{"id":3524,"date":"2022-05-10T14:08:04","date_gmt":"2022-05-10T14:08:04","guid":{"rendered":"https:\/\/amberdistribution.lv\/?post_type=product&#038;p=3524"},"modified":"2023-02-16T13:07:11","modified_gmt":"2023-02-16T13:07:11","slug":"becksteiner-winzer-riesling-qba-trocken","status":"publish","type":"product","link":"https:\/\/amberdistribution.lv\/lv\/product\/becksteiner-winzer-riesling-qba-trocken\/","title":{"rendered":"Becksteiner Winzer Riesling QbA trocken"},"content":{"rendered":"<p>Becksteiner Winzer Riesling QbA trocken ir sausais baltv\u012bns no V\u0101cijas, B\u0101denes Tauberfrankenas re\u0123iona, veidots no Riesling \u00a0\u0161\u0137irnes v\u012bnog\u0101m. V\u012bnam rakstur\u012bgs skaists zeltaini za\u013cgans tonis, pat\u012bkami svaigi citrusaug\u013cu, persiku un balto ziedu arom\u0101ti, bag\u0101t\u012bga, auglaina, viegli miner\u0101la gar\u0161a.<\/p>\n<p>Lieliski sader\u0113s ar viegl\u0101m uzkod\u0101m, ziv\u012bm, j\u016bras velt\u0113m, c\u016bkga\u013cas \u0113dieniem. Ieteicams pasniegt atdzes\u0113tu l\u012bdz 8-10 \u00b0C.<\/p>\n","protected":false},"excerpt":{"rendered":"<p>Becksteiner Winzer Riesling QbA trocken ir sausais baltv\u012bns no V\u0101cijas, B\u0101denes Tauberfrankenas re\u0123iona, veidots no Riesling \u00a0\u0161\u0137irnes v\u012bnog\u0101m. V\u012bnam rakstur\u012bgs skaists zeltaini za\u013cgans tonis, pat\u012bkami svaigi citrusaug\u013cu, persiku un balto...<\/p>\n","protected":false},"featured_media":5472,"template":"","meta":[],"product_cat":[433],"product_tag":[],"acf":[],"_links":{"self":[{"href":"https:\/\/amberdistribution.lv\/lv\/wp-json\/wp\/v2\/product\/3524"}],"collection":[{"href":"https:\/\/amberdistribution.lv\/lv\/wp-json\/wp\/v2\/product"}],"about":[{"href":"https:\/\/amberdistribution.lv\/lv\/wp-json\/wp\/v2\/types\/product"}],"wp:featuredmedia":[{"embeddable":true,"href":"https:\/\/amberdistribution.lv\/lv\/wp-json\/wp\/v2\/media\/5472"}],"wp:attachment":[{"href":"https:\/\/amberdistribution.lv\/lv\/wp-json\/wp\/v2\/media?parent=3524"}],"wp:term":[{"taxonomy":"product_cat","embeddable":true,"href":"https:\/\/amberdistribution.lv\/lv\/wp-json\/wp\/v2\/product_cat?post=3524"},{"taxonomy":"product_tag","embeddable":true,"href":"https:\/\/amberdistribution.lv\/lv\/wp-json\/wp\/v2\/product_tag?post=3524"}],"curies":[{"name":"wp","href":"https:\/\/api.w.org\/{rel}","templated":true}]}}