{"id":3525,"date":"2022-05-11T07:02:15","date_gmt":"2022-05-11T07:02:15","guid":{"rendered":"https:\/\/amberdistribution.lv\/?post_type=product&#038;p=3525"},"modified":"2023-02-16T13:11:34","modified_gmt":"2023-02-16T13:11:34","slug":"becksteiner-winzer-schwarzriesling-qba-halbtrocken","status":"publish","type":"product","link":"https:\/\/amberdistribution.lv\/lv\/product\/becksteiner-winzer-schwarzriesling-qba-halbtrocken\/","title":{"rendered":"Becksteiner Winzer Schwarzriesling QbA halbtrocken"},"content":{"rendered":"<p>Becksteiner Winzer Schwarzriesling QbA halbtrocken pussausais sarkanv\u012bns no V\u0101cijas, B\u0101denes Tauberfrankenas re\u0123iona, veidots no Pinot Meunier v\u012bnog\u0101m, ko V\u0101cij\u0101 sauc par \u00a0Schwarzriesling. V\u012bnam rakstur\u012bgi bagat\u012bgi sarkano ogu, \u012bpa\u0161i upe\u0146u arom\u0101ti, sul\u012bga, piln\u012bga gar\u0161a ar maigiem noapa\u013cotiem tan\u012bniem.<\/p>\n<p>Lieliski sader\u0113s ar j\u0113ra ga\u013cu, liellopu, med\u012bjumu. Ieteicams pasniegt 14-16 \u00b0C temperat\u016br\u0101.<\/p>\n","protected":false},"excerpt":{"rendered":"<p>Becksteiner Winzer Schwarzriesling QbA halbtrocken pussausais sarkanv\u012bns no V\u0101cijas, B\u0101denes Tauberfrankenas re\u0123iona, veidots no Pinot Meunier v\u012bnog\u0101m, ko V\u0101cij\u0101 sauc par \u00a0Schwarzriesling. V\u012bnam rakstur\u012bgi bagat\u012bgi sarkano ogu, \u012bpa\u0161i upe\u0146u arom\u0101ti,...<\/p>\n","protected":false},"featured_media":5479,"template":"","meta":[],"product_cat":[433],"product_tag":[],"acf":[],"_links":{"self":[{"href":"https:\/\/amberdistribution.lv\/lv\/wp-json\/wp\/v2\/product\/3525"}],"collection":[{"href":"https:\/\/amberdistribution.lv\/lv\/wp-json\/wp\/v2\/product"}],"about":[{"href":"https:\/\/amberdistribution.lv\/lv\/wp-json\/wp\/v2\/types\/product"}],"wp:featuredmedia":[{"embeddable":true,"href":"https:\/\/amberdistribution.lv\/lv\/wp-json\/wp\/v2\/media\/5479"}],"wp:attachment":[{"href":"https:\/\/amberdistribution.lv\/lv\/wp-json\/wp\/v2\/media?parent=3525"}],"wp:term":[{"taxonomy":"product_cat","embeddable":true,"href":"https:\/\/amberdistribution.lv\/lv\/wp-json\/wp\/v2\/product_cat?post=3525"},{"taxonomy":"product_tag","embeddable":true,"href":"https:\/\/amberdistribution.lv\/lv\/wp-json\/wp\/v2\/product_tag?post=3525"}],"curies":[{"name":"wp","href":"https:\/\/api.w.org\/{rel}","templated":true}]}}