{"id":3527,"date":"2022-05-11T07:05:31","date_gmt":"2022-05-11T07:05:31","guid":{"rendered":"https:\/\/amberdistribution.lv\/?post_type=product&#038;p=3527"},"modified":"2023-02-16T13:10:12","modified_gmt":"2023-02-16T13:10:12","slug":"becksteiner-winzer-schwarzriesling-rose-qba-feinherb","status":"publish","type":"product","link":"https:\/\/amberdistribution.lv\/lv\/product\/becksteiner-winzer-schwarzriesling-rose-qba-feinherb\/","title":{"rendered":"Becksteiner Winzer Schwarzriesling ros\u00e9 QbA feinherb"},"content":{"rendered":"<p>Becksteiner Winzer Schwarzriesling ros\u00e9 QbA feinherb pussausais roz\u0101 v\u012bns no V\u0101cijas, B\u0101denes Tauberfrankenas re\u0123iona, veidots no Pinot Meunier v\u012bnog\u0101m, ko V\u0101cij\u0101 sauc par \u00a0Schwarzriesling. V\u012bnam rakstur\u012bgs ko\u0161s sarkan\u012bgi roz\u0101 tonis, izteiksm\u012bgi zeme\u0146u arom\u0101ti, eleganti sabalans\u0113ts sk\u0101buma un salduma l\u012bmenis.<\/p>\n<p>Lieliski sader\u0113s ar sal\u0101tiem, zivju, putnu ga\u013cas \u0113dieniem, \u00a0gril\u0113tiem \u0113dieniem. Ieteicams pasniegt atdzes\u0113tu l\u012bdz 8-10 \u00b0C.<\/p>\n","protected":false},"excerpt":{"rendered":"<p>Becksteiner Winzer Schwarzriesling ros\u00e9 QbA feinherb pussausais roz\u0101 v\u012bns no V\u0101cijas, B\u0101denes Tauberfrankenas re\u0123iona, veidots no Pinot Meunier v\u012bnog\u0101m, ko V\u0101cij\u0101 sauc par \u00a0Schwarzriesling. V\u012bnam rakstur\u012bgs ko\u0161s sarkan\u012bgi roz\u0101 tonis,...<\/p>\n","protected":false},"featured_media":5477,"template":"","meta":[],"product_cat":[433],"product_tag":[],"acf":[],"_links":{"self":[{"href":"https:\/\/amberdistribution.lv\/lv\/wp-json\/wp\/v2\/product\/3527"}],"collection":[{"href":"https:\/\/amberdistribution.lv\/lv\/wp-json\/wp\/v2\/product"}],"about":[{"href":"https:\/\/amberdistribution.lv\/lv\/wp-json\/wp\/v2\/types\/product"}],"wp:featuredmedia":[{"embeddable":true,"href":"https:\/\/amberdistribution.lv\/lv\/wp-json\/wp\/v2\/media\/5477"}],"wp:attachment":[{"href":"https:\/\/amberdistribution.lv\/lv\/wp-json\/wp\/v2\/media?parent=3527"}],"wp:term":[{"taxonomy":"product_cat","embeddable":true,"href":"https:\/\/amberdistribution.lv\/lv\/wp-json\/wp\/v2\/product_cat?post=3527"},{"taxonomy":"product_tag","embeddable":true,"href":"https:\/\/amberdistribution.lv\/lv\/wp-json\/wp\/v2\/product_tag?post=3527"}],"curies":[{"name":"wp","href":"https:\/\/api.w.org\/{rel}","templated":true}]}}