{"id":3528,"date":"2022-05-11T07:24:00","date_gmt":"2022-05-11T07:24:00","guid":{"rendered":"https:\/\/amberdistribution.lv\/?post_type=product&#038;p=3528"},"modified":"2023-02-16T13:11:57","modified_gmt":"2023-02-16T13:11:57","slug":"becksteiner-winzer-spatburgunder-qba-trocken","status":"publish","type":"product","link":"https:\/\/amberdistribution.lv\/lv\/product\/becksteiner-winzer-spatburgunder-qba-trocken\/","title":{"rendered":"Becksteiner Winzer Sp\u00e4tburgunder QbA trocken"},"content":{"rendered":"<p>Becksteiner Winzer Sp\u00e4tburgunder QbA trocken sausais sarkanv\u012bns no V\u0101cijas, B\u0101denes Tauberfrankenas re\u0123iona, veidots no Pinot Noir v\u012bnog\u0101m, ko V\u0101cij\u0101 sauc par \u00a0Sp\u00e4tburgunder. V\u012bnam rakstur\u012bgi bagat\u012bgi sarkano ogu un me\u017ea ogu arom\u0101ti, bag\u0101t\u012bga gar\u0161a ar pat\u012bkam\u0101m \u0137ir\u0161u not\u012bm.<\/p>\n<p>Lieliski sader\u0113s ar liellopu, med\u012bjumu, pastu, sieru. Ieteicams pasniegt 14-16 \u00b0C temperat\u016br\u0101.<\/p>\n","protected":false},"excerpt":{"rendered":"<p>Becksteiner Winzer Sp\u00e4tburgunder QbA trocken sausais sarkanv\u012bns no V\u0101cijas, B\u0101denes Tauberfrankenas re\u0123iona, veidots no Pinot Noir v\u012bnog\u0101m, ko V\u0101cij\u0101 sauc par \u00a0Sp\u00e4tburgunder. V\u012bnam rakstur\u012bgi bagat\u012bgi sarkano ogu un me\u017ea ogu...<\/p>\n","protected":false},"featured_media":3508,"template":"","meta":[],"product_cat":[433],"product_tag":[],"acf":[],"_links":{"self":[{"href":"https:\/\/amberdistribution.lv\/lv\/wp-json\/wp\/v2\/product\/3528"}],"collection":[{"href":"https:\/\/amberdistribution.lv\/lv\/wp-json\/wp\/v2\/product"}],"about":[{"href":"https:\/\/amberdistribution.lv\/lv\/wp-json\/wp\/v2\/types\/product"}],"wp:featuredmedia":[{"embeddable":true,"href":"https:\/\/amberdistribution.lv\/lv\/wp-json\/wp\/v2\/media\/3508"}],"wp:attachment":[{"href":"https:\/\/amberdistribution.lv\/lv\/wp-json\/wp\/v2\/media?parent=3528"}],"wp:term":[{"taxonomy":"product_cat","embeddable":true,"href":"https:\/\/amberdistribution.lv\/lv\/wp-json\/wp\/v2\/product_cat?post=3528"},{"taxonomy":"product_tag","embeddable":true,"href":"https:\/\/amberdistribution.lv\/lv\/wp-json\/wp\/v2\/product_tag?post=3528"}],"curies":[{"name":"wp","href":"https:\/\/api.w.org\/{rel}","templated":true}]}}