{"id":3531,"date":"2022-05-11T07:29:25","date_gmt":"2022-05-11T07:29:25","guid":{"rendered":"https:\/\/amberdistribution.lv\/?post_type=product&#038;p=3531"},"modified":"2023-02-16T13:03:05","modified_gmt":"2023-02-16T13:03:05","slug":"becksteiner-winzer-suss-rot-qba-sus","status":"publish","type":"product","link":"https:\/\/amberdistribution.lv\/lv\/product\/becksteiner-winzer-suss-rot-qba-sus\/","title":{"rendered":"Becksteiner Winzer S\u00dcSS rot QbA s\u00fc\u00df"},"content":{"rendered":"<p>Becksteiner Winzer S\u00dcSS rot QbA s\u00fc\u00df saldais sarkanv\u012bns no V\u0101cijas, B\u0101denes Tauberfrankenas re\u0123iona. V\u012bnam rakstur\u012bga skaista dzi\u013ci sarkana kr\u0101sa, pat\u012bkami sarkano ogu, \u012bpa\u0161i upe\u0146u un zile\u0146u arom\u0101ti, salda, aug\u013caina, maigi noaapa\u013cota gar\u0161a.<\/p>\n<p>Lieliski sader\u0113s ar viegl\u0101m uzkod\u0101m, desertiem. Ieteicams pasniegt 14-16 \u00b0C temperat\u016br\u0101.<\/p>\n","protected":false},"excerpt":{"rendered":"<p>Becksteiner Winzer S\u00dcSS rot QbA s\u00fc\u00df saldais sarkanv\u012bns no V\u0101cijas, B\u0101denes Tauberfrankenas re\u0123iona. V\u012bnam rakstur\u012bga skaista dzi\u013ci sarkana kr\u0101sa, pat\u012bkami sarkano ogu, \u012bpa\u0161i upe\u0146u un zile\u0146u arom\u0101ti, salda, aug\u013caina, maigi...<\/p>\n","protected":false},"featured_media":5467,"template":"","meta":[],"product_cat":[433],"product_tag":[],"acf":[],"_links":{"self":[{"href":"https:\/\/amberdistribution.lv\/lv\/wp-json\/wp\/v2\/product\/3531"}],"collection":[{"href":"https:\/\/amberdistribution.lv\/lv\/wp-json\/wp\/v2\/product"}],"about":[{"href":"https:\/\/amberdistribution.lv\/lv\/wp-json\/wp\/v2\/types\/product"}],"wp:featuredmedia":[{"embeddable":true,"href":"https:\/\/amberdistribution.lv\/lv\/wp-json\/wp\/v2\/media\/5467"}],"wp:attachment":[{"href":"https:\/\/amberdistribution.lv\/lv\/wp-json\/wp\/v2\/media?parent=3531"}],"wp:term":[{"taxonomy":"product_cat","embeddable":true,"href":"https:\/\/amberdistribution.lv\/lv\/wp-json\/wp\/v2\/product_cat?post=3531"},{"taxonomy":"product_tag","embeddable":true,"href":"https:\/\/amberdistribution.lv\/lv\/wp-json\/wp\/v2\/product_tag?post=3531"}],"curies":[{"name":"wp","href":"https:\/\/api.w.org\/{rel}","templated":true}]}}