{"id":3532,"date":"2022-05-11T07:32:00","date_gmt":"2022-05-11T07:32:00","guid":{"rendered":"https:\/\/amberdistribution.lv\/?post_type=product&#038;p=3532"},"modified":"2023-02-16T12:59:37","modified_gmt":"2023-02-16T12:59:37","slug":"becksteiner-winzer-suss-weis-qba-sus","status":"publish","type":"product","link":"https:\/\/amberdistribution.lv\/lv\/product\/becksteiner-winzer-suss-weis-qba-sus\/","title":{"rendered":"Becksteiner Winzer S\u00dcSS wei\u00df QbA s\u00fc\u00df"},"content":{"rendered":"<p>Becksteiner Winzer S\u00dcSS wei\u00df QbA s\u00fc\u00df saldais baltv\u012bns no V\u0101cijas, B\u0101denes Tauberfrankenas re\u0123iona. V\u012bnam rakstur\u012bgs skaists gai\u0161i zeltains tonis, pat\u012bkami intens\u012bvi un bag\u0101t\u012bgi nogatavoju\u0161os aug\u013cu arom\u0101ti, bag\u0101t\u012bga aug\u013caina un salda gar\u0161a.<\/p>\n<p>Lieliski sader\u0113s ar viegl\u0101m uzkod\u0101m, aug\u013cu desertiem. Ieteicams pasniegt atdzes\u0113tu l\u012bdz 8-10 \u00b0C.<\/p>\n","protected":false},"excerpt":{"rendered":"<p>Becksteiner Winzer S\u00dcSS wei\u00df QbA s\u00fc\u00df saldais baltv\u012bns no V\u0101cijas, B\u0101denes Tauberfrankenas re\u0123iona. V\u012bnam rakstur\u012bgs skaists gai\u0161i zeltains tonis, pat\u012bkami intens\u012bvi un bag\u0101t\u012bgi nogatavoju\u0161os aug\u013cu arom\u0101ti, bag\u0101t\u012bga aug\u013caina un salda...<\/p>\n","protected":false},"featured_media":5463,"template":"","meta":[],"product_cat":[433,418],"product_tag":[],"acf":[],"_links":{"self":[{"href":"https:\/\/amberdistribution.lv\/lv\/wp-json\/wp\/v2\/product\/3532"}],"collection":[{"href":"https:\/\/amberdistribution.lv\/lv\/wp-json\/wp\/v2\/product"}],"about":[{"href":"https:\/\/amberdistribution.lv\/lv\/wp-json\/wp\/v2\/types\/product"}],"wp:featuredmedia":[{"embeddable":true,"href":"https:\/\/amberdistribution.lv\/lv\/wp-json\/wp\/v2\/media\/5463"}],"wp:attachment":[{"href":"https:\/\/amberdistribution.lv\/lv\/wp-json\/wp\/v2\/media?parent=3532"}],"wp:term":[{"taxonomy":"product_cat","embeddable":true,"href":"https:\/\/amberdistribution.lv\/lv\/wp-json\/wp\/v2\/product_cat?post=3532"},{"taxonomy":"product_tag","embeddable":true,"href":"https:\/\/amberdistribution.lv\/lv\/wp-json\/wp\/v2\/product_tag?post=3532"}],"curies":[{"name":"wp","href":"https:\/\/api.w.org\/{rel}","templated":true}]}}