{"id":3702,"date":"2022-05-12T07:04:48","date_gmt":"2022-05-12T07:04:48","guid":{"rendered":"https:\/\/amberdistribution.lv\/?post_type=product&#038;p=3702"},"modified":"2023-02-16T14:07:40","modified_gmt":"2023-02-16T14:07:40","slug":"casillero-del-diablo-cabernet-sauvignon","status":"publish","type":"product","link":"https:\/\/amberdistribution.lv\/lv\/product\/casillero-del-diablo-cabernet-sauvignon\/","title":{"rendered":"Casillero del Diablo Cabernet Sauvignon"},"content":{"rendered":"<p>Casillero del Diablo Cabernet Sauvignon kvalitat\u012bvs sarkanv\u012bns no Cabernet Sauvignon \u0161\u0137irnes v\u012bnog\u0101m, Central Valley re\u0123ion\u0101. Tam piem\u012bt tum\u0161a rub\u012bnsarkana kr\u0101sa un t\u0101 bu\u0137ete ir bag\u0101ta ar upe\u0146u, \u0137ir\u0161u un pl\u016bmju arom\u0101tiem, ko papildina vani\u013cas, grauzd\u0113tas kafijas un \u0161okol\u0101des nianses. \u0160is gar\u0161as zi\u0146\u0101 pies\u0101tin\u0101tais v\u012bns ir perfekti struktur\u0113ts, sniedzot ilgsto\u0161u p\u0113cgar\u0161u. Lieliski sader\u0113s ar asiem \u0113dieniem, sarkano ga\u013cu un iztur\u0113tiem sieriem.<\/p>\n","protected":false},"excerpt":{"rendered":"<p>Casillero del Diablo Cabernet Sauvignon kvalitat\u012bvs sarkanv\u012bns no Cabernet Sauvignon \u0161\u0137irnes v\u012bnog\u0101m, Central Valley re\u0123ion\u0101. Tam piem\u012bt tum\u0161a rub\u012bnsarkana kr\u0101sa un t\u0101 bu\u0137ete ir bag\u0101ta ar upe\u0146u, \u0137ir\u0161u un pl\u016bmju...<\/p>\n","protected":false},"featured_media":3705,"template":"","meta":[],"product_cat":[425],"product_tag":[],"acf":[],"_links":{"self":[{"href":"https:\/\/amberdistribution.lv\/lv\/wp-json\/wp\/v2\/product\/3702"}],"collection":[{"href":"https:\/\/amberdistribution.lv\/lv\/wp-json\/wp\/v2\/product"}],"about":[{"href":"https:\/\/amberdistribution.lv\/lv\/wp-json\/wp\/v2\/types\/product"}],"wp:featuredmedia":[{"embeddable":true,"href":"https:\/\/amberdistribution.lv\/lv\/wp-json\/wp\/v2\/media\/3705"}],"wp:attachment":[{"href":"https:\/\/amberdistribution.lv\/lv\/wp-json\/wp\/v2\/media?parent=3702"}],"wp:term":[{"taxonomy":"product_cat","embeddable":true,"href":"https:\/\/amberdistribution.lv\/lv\/wp-json\/wp\/v2\/product_cat?post=3702"},{"taxonomy":"product_tag","embeddable":true,"href":"https:\/\/amberdistribution.lv\/lv\/wp-json\/wp\/v2\/product_tag?post=3702"}],"curies":[{"name":"wp","href":"https:\/\/api.w.org\/{rel}","templated":true}]}}