{"id":3719,"date":"2022-05-12T07:09:15","date_gmt":"2022-05-12T07:09:15","guid":{"rendered":"https:\/\/amberdistribution.lv\/?post_type=product&#038;p=3719"},"modified":"2023-02-16T14:08:44","modified_gmt":"2023-02-16T14:08:44","slug":"casillero-del-diablo-carmenere","status":"publish","type":"product","link":"https:\/\/amberdistribution.lv\/lv\/product\/casillero-del-diablo-carmenere\/","title":{"rendered":"Casillero del Diablo Carmenere"},"content":{"rendered":"<p>Casillero del Diablo Carmenere kvalitat\u012bvs sarkanv\u012bns no Carmenere \u0161\u0137irnes v\u012bnog\u0101m, Rapel Valley re\u0123ion\u0101. V\u012bns tum\u0161i violet\u0101 kr\u0101s\u0101 ar izteiktu pl\u016bmju un \u0161okol\u0101des arom\u0101tu, kam seko kafijas un vani\u013cas nianses. T\u0101 bu\u0137et\u0113 j\u016btamas kaze\u0146u un gar\u0161vielu nianses, ko papildina ozolkoka piesk\u0101riens, pie\u0161\u0137irot v\u012bnam labi struktur\u0113tu un pilnmies\u012bgu gar\u0161u. Ieteicams pasniegt kop\u0101 ar sarkan\u0101s ga\u013cas \u0113dieniem, nogatavin\u0101tiem sieriem un pastu.<\/p>\n","protected":false},"excerpt":{"rendered":"<p>Casillero del Diablo Carmenere kvalitat\u012bvs sarkanv\u012bns no Carmenere \u0161\u0137irnes v\u012bnog\u0101m, Rapel Valley re\u0123ion\u0101. V\u012bns tum\u0161i violet\u0101 kr\u0101s\u0101 ar izteiktu pl\u016bmju un \u0161okol\u0101des arom\u0101tu, kam seko kafijas un vani\u013cas nianses. T\u0101...<\/p>\n","protected":false},"featured_media":3709,"template":"","meta":[],"product_cat":[425],"product_tag":[],"acf":[],"_links":{"self":[{"href":"https:\/\/amberdistribution.lv\/lv\/wp-json\/wp\/v2\/product\/3719"}],"collection":[{"href":"https:\/\/amberdistribution.lv\/lv\/wp-json\/wp\/v2\/product"}],"about":[{"href":"https:\/\/amberdistribution.lv\/lv\/wp-json\/wp\/v2\/types\/product"}],"wp:featuredmedia":[{"embeddable":true,"href":"https:\/\/amberdistribution.lv\/lv\/wp-json\/wp\/v2\/media\/3709"}],"wp:attachment":[{"href":"https:\/\/amberdistribution.lv\/lv\/wp-json\/wp\/v2\/media?parent=3719"}],"wp:term":[{"taxonomy":"product_cat","embeddable":true,"href":"https:\/\/amberdistribution.lv\/lv\/wp-json\/wp\/v2\/product_cat?post=3719"},{"taxonomy":"product_tag","embeddable":true,"href":"https:\/\/amberdistribution.lv\/lv\/wp-json\/wp\/v2\/product_tag?post=3719"}],"curies":[{"name":"wp","href":"https:\/\/api.w.org\/{rel}","templated":true}]}}