{"id":3721,"date":"2022-05-12T07:26:51","date_gmt":"2022-05-12T07:26:51","guid":{"rendered":"https:\/\/amberdistribution.lv\/?post_type=product&#038;p=3721"},"modified":"2024-08-19T08:44:37","modified_gmt":"2024-08-19T08:44:37","slug":"casillero-del-diablo-dark-red","status":"publish","type":"product","link":"https:\/\/amberdistribution.lv\/lv\/product\/casillero-del-diablo-dark-red\/","title":{"rendered":"Diablo Dark Red"},"content":{"rendered":"<p>Diablo Dark Red augstas kvalit\u0101tes sarkanv\u012bns no \u010c\u012bles, Maule ielejas, t\u0101 \u012bpa\u0161ais blends veidots no di\u017ecilt\u012bgiem v\u012bnogul\u0101jiem, pie\u0161\u0137irot v\u012bnam intens\u012bvu rub\u012bnsarkanu kr\u0101su. V\u012bna bu\u0137et\u0113 j\u016btama sarkano un melno aug\u013cu, piem\u0113ram, saldo zeme\u0146u, nogatavoju\u0161os \u0137ir\u0161u, upe\u0146u, pl\u016bmju un vani\u013cas nianses, pateicoties nogatavin\u0101\u0161anai fran\u010du un amerik\u0101\u0146u ozolkoka muc\u0101s. V\u012bns ir z\u012bdains un labi sabalans\u0113ts. Ieteicams baud\u012bt kop\u0101 ar ga\u013cas \u0113dieniem, b\u0101rbekj\u016b.<\/p>\n","protected":false},"excerpt":{"rendered":"<p>Diablo Dark Red augstas kvalit\u0101tes sarkanv\u012bns no \u010c\u012bles, Maule ielejas, t\u0101 \u012bpa\u0161ais blends veidots no di\u017ecilt\u012bgiem v\u012bnogul\u0101jiem, pie\u0161\u0137irot v\u012bnam intens\u012bvu rub\u012bnsarkanu kr\u0101su. V\u012bna bu\u0137et\u0113 j\u016btama sarkano un melno aug\u013cu, piem\u0113ram,...<\/p>\n","protected":false},"featured_media":6937,"template":"","meta":[],"product_cat":[425],"product_tag":[],"acf":[],"_links":{"self":[{"href":"https:\/\/amberdistribution.lv\/lv\/wp-json\/wp\/v2\/product\/3721"}],"collection":[{"href":"https:\/\/amberdistribution.lv\/lv\/wp-json\/wp\/v2\/product"}],"about":[{"href":"https:\/\/amberdistribution.lv\/lv\/wp-json\/wp\/v2\/types\/product"}],"wp:featuredmedia":[{"embeddable":true,"href":"https:\/\/amberdistribution.lv\/lv\/wp-json\/wp\/v2\/media\/6937"}],"wp:attachment":[{"href":"https:\/\/amberdistribution.lv\/lv\/wp-json\/wp\/v2\/media?parent=3721"}],"wp:term":[{"taxonomy":"product_cat","embeddable":true,"href":"https:\/\/amberdistribution.lv\/lv\/wp-json\/wp\/v2\/product_cat?post=3721"},{"taxonomy":"product_tag","embeddable":true,"href":"https:\/\/amberdistribution.lv\/lv\/wp-json\/wp\/v2\/product_tag?post=3721"}],"curies":[{"name":"wp","href":"https:\/\/api.w.org\/{rel}","templated":true}]}}