{"id":3724,"date":"2022-05-12T07:34:24","date_gmt":"2022-05-12T07:34:24","guid":{"rendered":"https:\/\/amberdistribution.lv\/?post_type=product&#038;p=3724"},"modified":"2023-02-16T14:07:18","modified_gmt":"2023-02-16T14:07:18","slug":"casillero-del-diablo-sauvignon-blanc","status":"publish","type":"product","link":"https:\/\/amberdistribution.lv\/lv\/product\/casillero-del-diablo-sauvignon-blanc\/","title":{"rendered":"Casillero del Diablo Sauvignon Blanc"},"content":{"rendered":"<p>Casillero del Diablo Sauvignon Blanc svaigs, kvalitat\u012bvs sauss baltv\u012bns no Sauvignon Blanc \u0161\u0137irnes v\u012bnog\u0101m, ra\u017eots Central Valley re\u0123ion\u0101. V\u012bna bu\u0137ete ir bag\u0101ta ar persiku, \u0113rk\u0161\u0137ogu un citrusa aug\u013cu arom\u0101tiem. Delik\u0101ts v\u012bns ar l\u012bdzsvarotu un pat\u012bkamu sk\u0101bumu. Labi sader ar j\u016bras velt\u0113m, zivju \u0113dieniem un zup\u0101m. Ieteicams pasniegt pie sal\u0101tiem un ve\u0123et\u0101riem \u0113dieniem, vai ar\u012b baud\u012bt k\u0101 aperit\u012bvu.<\/p>\n","protected":false},"excerpt":{"rendered":"<p>Casillero del Diablo Sauvignon Blanc svaigs, kvalitat\u012bvs sauss baltv\u012bns no Sauvignon Blanc \u0161\u0137irnes v\u012bnog\u0101m, ra\u017eots Central Valley re\u0123ion\u0101. V\u012bna bu\u0137ete ir bag\u0101ta ar persiku, \u0113rk\u0161\u0137ogu un citrusa aug\u013cu arom\u0101tiem. Delik\u0101ts...<\/p>\n","protected":false},"featured_media":3711,"template":"","meta":[],"product_cat":[425],"product_tag":[],"acf":[],"_links":{"self":[{"href":"https:\/\/amberdistribution.lv\/lv\/wp-json\/wp\/v2\/product\/3724"}],"collection":[{"href":"https:\/\/amberdistribution.lv\/lv\/wp-json\/wp\/v2\/product"}],"about":[{"href":"https:\/\/amberdistribution.lv\/lv\/wp-json\/wp\/v2\/types\/product"}],"wp:featuredmedia":[{"embeddable":true,"href":"https:\/\/amberdistribution.lv\/lv\/wp-json\/wp\/v2\/media\/3711"}],"wp:attachment":[{"href":"https:\/\/amberdistribution.lv\/lv\/wp-json\/wp\/v2\/media?parent=3724"}],"wp:term":[{"taxonomy":"product_cat","embeddable":true,"href":"https:\/\/amberdistribution.lv\/lv\/wp-json\/wp\/v2\/product_cat?post=3724"},{"taxonomy":"product_tag","embeddable":true,"href":"https:\/\/amberdistribution.lv\/lv\/wp-json\/wp\/v2\/product_tag?post=3724"}],"curies":[{"name":"wp","href":"https:\/\/api.w.org\/{rel}","templated":true}]}}