{"id":3725,"date":"2022-05-12T07:44:37","date_gmt":"2022-05-12T07:44:37","guid":{"rendered":"https:\/\/amberdistribution.lv\/?post_type=product&#038;p=3725"},"modified":"2025-09-24T06:06:46","modified_gmt":"2025-09-24T06:06:46","slug":"frontera-cabernet-sauvignon","status":"publish","type":"product","link":"https:\/\/amberdistribution.lv\/lv\/product\/frontera-cabernet-sauvignon\/","title":{"rendered":"Frontera Cabernet Sauvignon"},"content":{"rendered":"<p>Frontera Cabernet Sauvignon sauss sarkanv\u012bns no Cabernet Sauvignon \u0161\u0137irnes v\u012bnog\u0101m. V\u012bna bu\u0137ete ir bag\u0101ta ar pl\u016bmju un \u0161okol\u0101des nians\u0113m. Labi sabalans\u0113ts v\u012bns. Labi sader ar sieru, pastas, ga\u013cas un pikantiem \u0113dieniem.<\/p>\n","protected":false},"excerpt":{"rendered":"<p>Frontera Cabernet Sauvignon sauss sarkanv\u012bns no Cabernet Sauvignon \u0161\u0137irnes v\u012bnog\u0101m. V\u012bna bu\u0137ete ir bag\u0101ta ar pl\u016bmju un \u0161okol\u0101des nians\u0113m. Labi sabalans\u0113ts v\u012bns. Labi sader ar sieru, pastas, ga\u013cas un pikantiem...<\/p>\n","protected":false},"featured_media":7117,"template":"","meta":[],"product_cat":[425],"product_tag":[],"acf":[],"_links":{"self":[{"href":"https:\/\/amberdistribution.lv\/lv\/wp-json\/wp\/v2\/product\/3725"}],"collection":[{"href":"https:\/\/amberdistribution.lv\/lv\/wp-json\/wp\/v2\/product"}],"about":[{"href":"https:\/\/amberdistribution.lv\/lv\/wp-json\/wp\/v2\/types\/product"}],"wp:featuredmedia":[{"embeddable":true,"href":"https:\/\/amberdistribution.lv\/lv\/wp-json\/wp\/v2\/media\/7117"}],"wp:attachment":[{"href":"https:\/\/amberdistribution.lv\/lv\/wp-json\/wp\/v2\/media?parent=3725"}],"wp:term":[{"taxonomy":"product_cat","embeddable":true,"href":"https:\/\/amberdistribution.lv\/lv\/wp-json\/wp\/v2\/product_cat?post=3725"},{"taxonomy":"product_tag","embeddable":true,"href":"https:\/\/amberdistribution.lv\/lv\/wp-json\/wp\/v2\/product_tag?post=3725"}],"curies":[{"name":"wp","href":"https:\/\/api.w.org\/{rel}","templated":true}]}}