{"id":3745,"date":"2022-05-12T07:48:39","date_gmt":"2022-05-12T07:48:39","guid":{"rendered":"https:\/\/amberdistribution.lv\/?post_type=product&#038;p=3745"},"modified":"2025-09-23T13:57:41","modified_gmt":"2025-09-23T13:57:41","slug":"frontera-chardonnay","status":"publish","type":"product","link":"https:\/\/amberdistribution.lv\/lv\/product\/frontera-chardonnay\/","title":{"rendered":"Frontera Chardonnay"},"content":{"rendered":"<p>Frontera Chardonnay v\u012bna bu\u0137ete ir bag\u0101ta ar \u0101bolu un papaijas nians\u0113m. Labi sabalans\u0113ts v\u012bns ar nelielu saldu akcentu. Ieteicams pasniegt pie j\u016bras velt\u0113m, viegliem ga\u013cas \u0113dieniem, zivju \u0113dieniem un sal\u0101tiem.<\/p>\n","protected":false},"excerpt":{"rendered":"<p>Frontera Chardonnay v\u012bna bu\u0137ete ir bag\u0101ta ar \u0101bolu un papaijas nians\u0113m. Labi sabalans\u0113ts v\u012bns ar nelielu saldu akcentu. Ieteicams pasniegt pie j\u016bras velt\u0113m, viegliem ga\u013cas \u0113dieniem, zivju \u0113dieniem un sal\u0101tiem.<\/p>\n","protected":false},"featured_media":7128,"template":"","meta":[],"product_cat":[425],"product_tag":[],"acf":[],"_links":{"self":[{"href":"https:\/\/amberdistribution.lv\/lv\/wp-json\/wp\/v2\/product\/3745"}],"collection":[{"href":"https:\/\/amberdistribution.lv\/lv\/wp-json\/wp\/v2\/product"}],"about":[{"href":"https:\/\/amberdistribution.lv\/lv\/wp-json\/wp\/v2\/types\/product"}],"wp:featuredmedia":[{"embeddable":true,"href":"https:\/\/amberdistribution.lv\/lv\/wp-json\/wp\/v2\/media\/7128"}],"wp:attachment":[{"href":"https:\/\/amberdistribution.lv\/lv\/wp-json\/wp\/v2\/media?parent=3745"}],"wp:term":[{"taxonomy":"product_cat","embeddable":true,"href":"https:\/\/amberdistribution.lv\/lv\/wp-json\/wp\/v2\/product_cat?post=3745"},{"taxonomy":"product_tag","embeddable":true,"href":"https:\/\/amberdistribution.lv\/lv\/wp-json\/wp\/v2\/product_tag?post=3745"}],"curies":[{"name":"wp","href":"https:\/\/api.w.org\/{rel}","templated":true}]}}