{"id":3752,"date":"2022-05-12T08:06:28","date_gmt":"2022-05-12T08:06:28","guid":{"rendered":"https:\/\/amberdistribution.lv\/?post_type=product&#038;p=3752"},"modified":"2025-10-29T10:02:12","modified_gmt":"2025-10-29T10:02:12","slug":"frontera-sauvignon-blanc","status":"publish","type":"product","link":"https:\/\/amberdistribution.lv\/lv\/product\/frontera-sauvignon-blanc\/","title":{"rendered":"Frontera Sauvignon Blanc"},"content":{"rendered":"<p>Frontera Sauvignon Blanc v\u012bns zeltain\u0101 kr\u0101s\u0101 ar za\u013cgan\u0101m not\u012bm. V\u012bna bu\u0137et\u0113 svaigas, sul\u012bgas \u0113rk\u0161\u0137ogas, upe\u0146u lapu nianses. Baud\u012bt k\u0101 aperit\u012bvu. Ide\u0101ls sabiedrotais ar sal\u0101tiem, viegl\u0101m uzkod\u0101m, sieriem, desertiem.<\/p>\n","protected":false},"excerpt":{"rendered":"<p>Frontera Sauvignon Blanc v\u012bns zeltain\u0101 kr\u0101s\u0101 ar za\u013cgan\u0101m not\u012bm. V\u012bna bu\u0137et\u0113 svaigas, sul\u012bgas \u0113rk\u0161\u0137ogas, upe\u0146u lapu nianses. Baud\u012bt k\u0101 aperit\u012bvu. Ide\u0101ls sabiedrotais ar sal\u0101tiem, viegl\u0101m uzkod\u0101m, sieriem, desertiem.<\/p>\n","protected":false},"featured_media":7221,"template":"","meta":[],"product_cat":[425],"product_tag":[],"acf":[],"_links":{"self":[{"href":"https:\/\/amberdistribution.lv\/lv\/wp-json\/wp\/v2\/product\/3752"}],"collection":[{"href":"https:\/\/amberdistribution.lv\/lv\/wp-json\/wp\/v2\/product"}],"about":[{"href":"https:\/\/amberdistribution.lv\/lv\/wp-json\/wp\/v2\/types\/product"}],"wp:featuredmedia":[{"embeddable":true,"href":"https:\/\/amberdistribution.lv\/lv\/wp-json\/wp\/v2\/media\/7221"}],"wp:attachment":[{"href":"https:\/\/amberdistribution.lv\/lv\/wp-json\/wp\/v2\/media?parent=3752"}],"wp:term":[{"taxonomy":"product_cat","embeddable":true,"href":"https:\/\/amberdistribution.lv\/lv\/wp-json\/wp\/v2\/product_cat?post=3752"},{"taxonomy":"product_tag","embeddable":true,"href":"https:\/\/amberdistribution.lv\/lv\/wp-json\/wp\/v2\/product_tag?post=3752"}],"curies":[{"name":"wp","href":"https:\/\/api.w.org\/{rel}","templated":true}]}}