{"id":3845,"date":"2022-05-12T12:50:12","date_gmt":"2022-05-12T12:50:12","guid":{"rendered":"https:\/\/amberdistribution.lv\/?post_type=product&#038;p=3845"},"modified":"2023-02-16T12:04:45","modified_gmt":"2023-02-16T12:04:45","slug":"ikella-malbec-mendoza","status":"publish","type":"product","link":"https:\/\/amberdistribution.lv\/lv\/product\/ikella-malbec-mendoza\/","title":{"rendered":"Ikella Malbec Mendoza"},"content":{"rendered":"<p>Ikella Malbec Mendoza sausais sarkanv\u012bns no Argent\u012bnas, gatavots no Malbec v\u012bnog\u0101m, kas audz\u0113tas neliel\u0101, \u012bpa\u0161i izcil\u0101 Agrelo v\u012bna re\u0123ion\u0101 pa\u0161\u0101 Mendoza sird\u012b. Agrelo augsne un klimats\u00a0 ir viens no vispiem\u0113rot\u0101kajiem izcil\u0101ko Malbec v\u012bnogu audz\u0113\u0161anai 980 m virs j\u016bras l\u012bme\u0146a Andu kalnu piekaj\u0113. Izteiksm\u012bgais Malbec lieliski sader\u0113s ar liellopu ga\u013cu, c\u016bkga\u013cu, k\u016bpin\u0101jumiem, iztur\u0113tiem sieriem.<\/p>\n<p>Ieteicams pasniegt 14-16 \u00b0C temperat\u016br\u0101.<\/p>\n","protected":false},"excerpt":{"rendered":"<p>Ikella Malbec Mendoza sausais sarkanv\u012bns no Argent\u012bnas, gatavots no Malbec v\u012bnog\u0101m, kas audz\u0113tas neliel\u0101, \u012bpa\u0161i izcil\u0101 Agrelo v\u012bna re\u0123ion\u0101 pa\u0161\u0101 Mendoza sird\u012b. Agrelo augsne un klimats\u00a0 ir viens no vispiem\u0113rot\u0101kajiem...<\/p>\n","protected":false},"featured_media":3833,"template":"","meta":[],"product_cat":[426],"product_tag":[],"acf":[],"_links":{"self":[{"href":"https:\/\/amberdistribution.lv\/lv\/wp-json\/wp\/v2\/product\/3845"}],"collection":[{"href":"https:\/\/amberdistribution.lv\/lv\/wp-json\/wp\/v2\/product"}],"about":[{"href":"https:\/\/amberdistribution.lv\/lv\/wp-json\/wp\/v2\/types\/product"}],"wp:featuredmedia":[{"embeddable":true,"href":"https:\/\/amberdistribution.lv\/lv\/wp-json\/wp\/v2\/media\/3833"}],"wp:attachment":[{"href":"https:\/\/amberdistribution.lv\/lv\/wp-json\/wp\/v2\/media?parent=3845"}],"wp:term":[{"taxonomy":"product_cat","embeddable":true,"href":"https:\/\/amberdistribution.lv\/lv\/wp-json\/wp\/v2\/product_cat?post=3845"},{"taxonomy":"product_tag","embeddable":true,"href":"https:\/\/amberdistribution.lv\/lv\/wp-json\/wp\/v2\/product_tag?post=3845"}],"curies":[{"name":"wp","href":"https:\/\/api.w.org\/{rel}","templated":true}]}}