{"id":3846,"date":"2022-05-12T12:58:04","date_gmt":"2022-05-12T12:58:04","guid":{"rendered":"https:\/\/amberdistribution.lv\/?post_type=product&#038;p=3846"},"modified":"2023-02-16T11:43:58","modified_gmt":"2023-02-16T11:43:58","slug":"achaval-ferrer-bella-vista-2011","status":"publish","type":"product","link":"https:\/\/amberdistribution.lv\/lv\/product\/achaval-ferrer-bella-vista-2011\/","title":{"rendered":"Achaval Ferrer Bella Vista"},"content":{"rendered":"<p>Achaval Ferrer Bella Vista bu\u0137et\u0113 j\u016btams pl\u016bmju iev\u0101r\u012bjuma un kaze\u0146u nianses. Balz\u0101ma nianses pastiprina \u0161\u012b v\u012bna svaigumu. P\u0113cgar\u0161\u0101 v\u012bnu papildina skaidri saj\u016btami un saldi tan\u012bni, k\u0101 ar\u012b miner\u0101lu notis. V\u012bna d\u0101rzs atrodas 950 metrus virs j\u016bras l\u012bme\u0146a.<\/p>\n","protected":false},"excerpt":{"rendered":"<p>Achaval Ferrer Bella Vista bu\u0137et\u0113 j\u016btams pl\u016bmju iev\u0101r\u012bjuma un kaze\u0146u nianses. Balz\u0101ma nianses pastiprina \u0161\u012b v\u012bna svaigumu. P\u0113cgar\u0161\u0101 v\u012bnu papildina skaidri saj\u016btami un saldi tan\u012bni, k\u0101 ar\u012b miner\u0101lu notis. V\u012bna...<\/p>\n","protected":false},"featured_media":5277,"template":"","meta":[],"product_cat":[426],"product_tag":[],"acf":[],"_links":{"self":[{"href":"https:\/\/amberdistribution.lv\/lv\/wp-json\/wp\/v2\/product\/3846"}],"collection":[{"href":"https:\/\/amberdistribution.lv\/lv\/wp-json\/wp\/v2\/product"}],"about":[{"href":"https:\/\/amberdistribution.lv\/lv\/wp-json\/wp\/v2\/types\/product"}],"wp:featuredmedia":[{"embeddable":true,"href":"https:\/\/amberdistribution.lv\/lv\/wp-json\/wp\/v2\/media\/5277"}],"wp:attachment":[{"href":"https:\/\/amberdistribution.lv\/lv\/wp-json\/wp\/v2\/media?parent=3846"}],"wp:term":[{"taxonomy":"product_cat","embeddable":true,"href":"https:\/\/amberdistribution.lv\/lv\/wp-json\/wp\/v2\/product_cat?post=3846"},{"taxonomy":"product_tag","embeddable":true,"href":"https:\/\/amberdistribution.lv\/lv\/wp-json\/wp\/v2\/product_tag?post=3846"}],"curies":[{"name":"wp","href":"https:\/\/api.w.org\/{rel}","templated":true}]}}