{"id":3860,"date":"2022-05-12T13:10:45","date_gmt":"2022-05-12T13:10:45","guid":{"rendered":"https:\/\/amberdistribution.lv\/?post_type=product&#038;p=3860"},"modified":"2023-02-16T11:58:22","modified_gmt":"2023-02-16T11:58:22","slug":"achaval-ferrer-finca-mirador-2013","status":"publish","type":"product","link":"https:\/\/amberdistribution.lv\/lv\/product\/achaval-ferrer-finca-mirador-2013\/","title":{"rendered":"Achaval Ferrer Finca Mirador"},"content":{"rendered":"<p>Achaval Ferrer Finca Mirador bu\u0137et\u0113 j\u016btamas kaze\u0146u un mitras zemes nianses. Pateicoties lieliskajai mineralit\u0101tei, v\u012bnam ir notur\u012bga p\u0113cgar\u0161a. V\u012bna d\u0101rzs, no kura n\u0101k \u201cFinca Mirador\u201d v\u012bnogas, atrodas 700 metrus virs j\u016bras l\u012bme\u0146a.<\/p>\n","protected":false},"excerpt":{"rendered":"<p>Achaval Ferrer Finca Mirador bu\u0137et\u0113 j\u016btamas kaze\u0146u un mitras zemes nianses. Pateicoties lieliskajai mineralit\u0101tei, v\u012bnam ir notur\u012bga p\u0113cgar\u0161a. V\u012bna d\u0101rzs, no kura n\u0101k \u201cFinca Mirador\u201d v\u012bnogas, atrodas 700 metrus virs...<\/p>\n","protected":false},"featured_media":5265,"template":"","meta":[],"product_cat":[426],"product_tag":[],"acf":[],"_links":{"self":[{"href":"https:\/\/amberdistribution.lv\/lv\/wp-json\/wp\/v2\/product\/3860"}],"collection":[{"href":"https:\/\/amberdistribution.lv\/lv\/wp-json\/wp\/v2\/product"}],"about":[{"href":"https:\/\/amberdistribution.lv\/lv\/wp-json\/wp\/v2\/types\/product"}],"wp:featuredmedia":[{"embeddable":true,"href":"https:\/\/amberdistribution.lv\/lv\/wp-json\/wp\/v2\/media\/5265"}],"wp:attachment":[{"href":"https:\/\/amberdistribution.lv\/lv\/wp-json\/wp\/v2\/media?parent=3860"}],"wp:term":[{"taxonomy":"product_cat","embeddable":true,"href":"https:\/\/amberdistribution.lv\/lv\/wp-json\/wp\/v2\/product_cat?post=3860"},{"taxonomy":"product_tag","embeddable":true,"href":"https:\/\/amberdistribution.lv\/lv\/wp-json\/wp\/v2\/product_tag?post=3860"}],"curies":[{"name":"wp","href":"https:\/\/api.w.org\/{rel}","templated":true}]}}