{"id":3865,"date":"2022-05-12T13:28:48","date_gmt":"2022-05-12T13:28:48","guid":{"rendered":"https:\/\/amberdistribution.lv\/?post_type=product&#038;p=3865"},"modified":"2023-02-16T11:26:47","modified_gmt":"2023-02-16T11:26:47","slug":"achaval-ferrer-malbec-mendoza","status":"publish","type":"product","link":"https:\/\/amberdistribution.lv\/lv\/product\/achaval-ferrer-malbec-mendoza\/","title":{"rendered":"Achaval Ferrer Malbec Mendoza"},"content":{"rendered":"<p>Achaval Ferrer Malbec Mendoza v\u012bns ir lielisks Malbec p\u0101rst\u0101vis. Bu\u0137et\u0113 j\u016btamas Malbec rakstur\u012bg\u0101s gar\u0161vielas un svaigi sarkanie aug\u013ci. Gar\u0161\u0101 izpau\u017eas noapa\u013coti tan\u012bni, izteiktas sarkano aug\u013cu notis un lieliski sabalans\u0113ts sk\u0101bums.<\/p>\n","protected":false},"excerpt":{"rendered":"<p>Achaval Ferrer Malbec Mendoza v\u012bns ir lielisks Malbec p\u0101rst\u0101vis. Bu\u0137et\u0113 j\u016btamas Malbec rakstur\u012bg\u0101s gar\u0161vielas un svaigi sarkanie aug\u013ci. Gar\u0161\u0101 izpau\u017eas noapa\u013coti tan\u012bni, izteiktas sarkano aug\u013cu notis un lieliski sabalans\u0113ts sk\u0101bums.<\/p>\n","protected":false},"featured_media":5257,"template":"","meta":[],"product_cat":[426],"product_tag":[],"acf":[],"_links":{"self":[{"href":"https:\/\/amberdistribution.lv\/lv\/wp-json\/wp\/v2\/product\/3865"}],"collection":[{"href":"https:\/\/amberdistribution.lv\/lv\/wp-json\/wp\/v2\/product"}],"about":[{"href":"https:\/\/amberdistribution.lv\/lv\/wp-json\/wp\/v2\/types\/product"}],"wp:featuredmedia":[{"embeddable":true,"href":"https:\/\/amberdistribution.lv\/lv\/wp-json\/wp\/v2\/media\/5257"}],"wp:attachment":[{"href":"https:\/\/amberdistribution.lv\/lv\/wp-json\/wp\/v2\/media?parent=3865"}],"wp:term":[{"taxonomy":"product_cat","embeddable":true,"href":"https:\/\/amberdistribution.lv\/lv\/wp-json\/wp\/v2\/product_cat?post=3865"},{"taxonomy":"product_tag","embeddable":true,"href":"https:\/\/amberdistribution.lv\/lv\/wp-json\/wp\/v2\/product_tag?post=3865"}],"curies":[{"name":"wp","href":"https:\/\/api.w.org\/{rel}","templated":true}]}}