{"id":3886,"date":"2022-05-20T09:05:19","date_gmt":"2022-05-20T09:05:19","guid":{"rendered":"https:\/\/amberdistribution.lv\/?post_type=product&#038;p=3886"},"modified":"2023-01-17T08:19:09","modified_gmt":"2023-01-17T08:19:09","slug":"bonaparte-apple","status":"publish","type":"product","link":"https:\/\/amberdistribution.lv\/lv\/product\/bonaparte-apple\/","title":{"rendered":"Bonaparte Apple"},"content":{"rendered":"<p>Bonaparte Apple ir meistar\u012bgi sabalans\u0113ta gar\u0161a un izteiksm\u012bgs \u0101bolu arom\u0101ts, kas tapis, ori\u0123in\u0101lo Bonaparte papildinot ar \u0101bolu gar\u0161as nians\u0113m.<\/p>\n","protected":false},"excerpt":{"rendered":"<p>Bonaparte Apple ir meistar\u012bgi sabalans\u0113ta gar\u0161a un izteiksm\u012bgs \u0101bolu arom\u0101ts, kas tapis, ori\u0123in\u0101lo Bonaparte papildinot ar \u0101bolu gar\u0161as nians\u0113m.<\/p>\n","protected":false},"featured_media":3887,"template":"","meta":[],"product_cat":[302,1065],"product_tag":[],"acf":[],"_links":{"self":[{"href":"https:\/\/amberdistribution.lv\/lv\/wp-json\/wp\/v2\/product\/3886"}],"collection":[{"href":"https:\/\/amberdistribution.lv\/lv\/wp-json\/wp\/v2\/product"}],"about":[{"href":"https:\/\/amberdistribution.lv\/lv\/wp-json\/wp\/v2\/types\/product"}],"wp:featuredmedia":[{"embeddable":true,"href":"https:\/\/amberdistribution.lv\/lv\/wp-json\/wp\/v2\/media\/3887"}],"wp:attachment":[{"href":"https:\/\/amberdistribution.lv\/lv\/wp-json\/wp\/v2\/media?parent=3886"}],"wp:term":[{"taxonomy":"product_cat","embeddable":true,"href":"https:\/\/amberdistribution.lv\/lv\/wp-json\/wp\/v2\/product_cat?post=3886"},{"taxonomy":"product_tag","embeddable":true,"href":"https:\/\/amberdistribution.lv\/lv\/wp-json\/wp\/v2\/product_tag?post=3886"}],"curies":[{"name":"wp","href":"https:\/\/api.w.org\/{rel}","templated":true}]}}