{"id":3889,"date":"2022-05-20T09:07:46","date_gmt":"2022-05-20T09:07:46","guid":{"rendered":"https:\/\/amberdistribution.lv\/?post_type=product&#038;p=3889"},"modified":"2022-05-20T09:07:46","modified_gmt":"2022-05-20T09:07:46","slug":"cosmopolitan-diva-pina-colada","status":"publish","type":"product","link":"https:\/\/amberdistribution.lv\/lv\/product\/cosmopolitan-diva-pina-colada\/","title":{"rendered":"Cosmopolitan Diva Pina Colada"},"content":{"rendered":"<p>Cosmopolitan Diva Pina Colada ir viegls, dzirksto\u0161s aug\u013cu dz\u0113riens, kas apvieno sev\u012b saldo Pina Colada kokteli un atsvaidzino\u0161o, vieglo anan\u0101su gar\u0161u. Katra \u0161\u012b dz\u0113riena l\u0101se ir r\u016bp\u012bgi filtr\u0113ta caur zelta filtru, lai padar\u012btu \u0161o dz\u0113rienu \u012bpa\u0161i unik\u0101lu!\u00a0Pina Colada \u2013 viens no TOP10 popul\u0101r\u0101kajiem koktei\u013ciem pasaul\u0113!<\/p>\n","protected":false},"excerpt":{"rendered":"<p>Cosmopolitan Diva Pina Colada ir viegls, dzirksto\u0161s aug\u013cu dz\u0113riens, kas apvieno sev\u012b saldo Pina Colada kokteli un atsvaidzino\u0161o, vieglo anan\u0101su gar\u0161u. Katra \u0161\u012b dz\u0113riena l\u0101se ir r\u016bp\u012bgi filtr\u0113ta caur zelta...<\/p>\n","protected":false},"featured_media":3890,"template":"","meta":[],"product_cat":[416],"product_tag":[],"acf":[],"_links":{"self":[{"href":"https:\/\/amberdistribution.lv\/lv\/wp-json\/wp\/v2\/product\/3889"}],"collection":[{"href":"https:\/\/amberdistribution.lv\/lv\/wp-json\/wp\/v2\/product"}],"about":[{"href":"https:\/\/amberdistribution.lv\/lv\/wp-json\/wp\/v2\/types\/product"}],"wp:featuredmedia":[{"embeddable":true,"href":"https:\/\/amberdistribution.lv\/lv\/wp-json\/wp\/v2\/media\/3890"}],"wp:attachment":[{"href":"https:\/\/amberdistribution.lv\/lv\/wp-json\/wp\/v2\/media?parent=3889"}],"wp:term":[{"taxonomy":"product_cat","embeddable":true,"href":"https:\/\/amberdistribution.lv\/lv\/wp-json\/wp\/v2\/product_cat?post=3889"},{"taxonomy":"product_tag","embeddable":true,"href":"https:\/\/amberdistribution.lv\/lv\/wp-json\/wp\/v2\/product_tag?post=3889"}],"curies":[{"name":"wp","href":"https:\/\/api.w.org\/{rel}","templated":true}]}}