{"id":4160,"date":"2022-06-20T07:59:11","date_gmt":"2022-06-20T07:59:11","guid":{"rendered":"https:\/\/amberdistribution.lv\/?post_type=product&#038;p=4160"},"modified":"2023-02-17T12:35:00","modified_gmt":"2023-02-17T12:35:00","slug":"frontera-spritzer-elderflower","status":"publish","type":"product","link":"https:\/\/amberdistribution.lv\/lv\/product\/frontera-spritzer-elderflower\/","title":{"rendered":"Frontera Spritzer Elderflower"},"content":{"rendered":"<p>Frontera Spritzer Elderflower ir baltv\u012bna dz\u0113riens no \u010c\u012bles, ra\u017eots no Chardonnay v\u012bnog\u0101m. Viegli dzirksto\u0161ajam dz\u0113rienam piem\u012bt sabalans\u0113ta un atsvaidzino\u0161a gar\u0161a ar pievilc\u012bg\u0101m pl\u016b\u0161koka ziedu not\u012bm. Frontera Spritzer Elderflower ieteicams pasniegt labi atdzes\u0113tu ar ledu vai aug\u013ciem.<\/p>\n","protected":false},"excerpt":{"rendered":"<p>Frontera Spritzer Elderflower ir baltv\u012bna dz\u0113riens no \u010c\u012bles, ra\u017eots no Chardonnay v\u012bnog\u0101m. Viegli dzirksto\u0161ajam dz\u0113rienam piem\u012bt sabalans\u0113ta un atsvaidzino\u0161a gar\u0161a ar pievilc\u012bg\u0101m pl\u016b\u0161koka ziedu not\u012bm. Frontera Spritzer Elderflower ieteicams pasniegt...<\/p>\n","protected":false},"featured_media":4164,"template":"","meta":[],"product_cat":[418,425],"product_tag":[],"acf":[],"_links":{"self":[{"href":"https:\/\/amberdistribution.lv\/lv\/wp-json\/wp\/v2\/product\/4160"}],"collection":[{"href":"https:\/\/amberdistribution.lv\/lv\/wp-json\/wp\/v2\/product"}],"about":[{"href":"https:\/\/amberdistribution.lv\/lv\/wp-json\/wp\/v2\/types\/product"}],"wp:featuredmedia":[{"embeddable":true,"href":"https:\/\/amberdistribution.lv\/lv\/wp-json\/wp\/v2\/media\/4164"}],"wp:attachment":[{"href":"https:\/\/amberdistribution.lv\/lv\/wp-json\/wp\/v2\/media?parent=4160"}],"wp:term":[{"taxonomy":"product_cat","embeddable":true,"href":"https:\/\/amberdistribution.lv\/lv\/wp-json\/wp\/v2\/product_cat?post=4160"},{"taxonomy":"product_tag","embeddable":true,"href":"https:\/\/amberdistribution.lv\/lv\/wp-json\/wp\/v2\/product_tag?post=4160"}],"curies":[{"name":"wp","href":"https:\/\/api.w.org\/{rel}","templated":true}]}}