{"id":4328,"date":"2022-07-21T16:27:12","date_gmt":"2022-07-21T16:27:12","guid":{"rendered":"https:\/\/amberdistribution.lv\/?post_type=product&#038;p=4328"},"modified":"2023-01-09T09:56:09","modified_gmt":"2023-01-09T09:56:09","slug":"elit-vodka_1","status":"publish","type":"product","link":"https:\/\/amberdistribution.lv\/lv\/product\/elit-vodka_1\/","title":{"rendered":"Elit Vodka"},"content":{"rendered":"<p>Degv\u012bns Elit Vodka tiek izcelts uz p\u0101r\u0113jo degv\u012bnu fona ne tikai Alfa spirta d\u0113\u013c, bet ar\u012b, pateicoties unik\u0101lajai aukstuma filtr\u0101cijai, kas ir nosl\u0113dzo\u0161\u0101 stadija degv\u012bna rad\u012b\u0161anas proces\u0101. Senkrievu trad\u012bcijas \u2013 atst\u0101t degv\u012bna mucas \u0101r\u0101 skarbajos ziemas laika apst\u0101k\u013cos \u2013 iedvesmoti, m\u0113s atv\u0113sin\u0101m dz\u0113rienu tie\u0161i l\u012bdz -18\u02daC. \u0160\u0101d\u0101 temperat\u016br\u0101 dz\u0113riens sabiez\u0113 un iev\u0113rojami pal\u0113nin\u0101tos tempos pl\u016bst cauri joniz\u0113tiem karbona filtriem. Tas nodro\u0161ina, ka pat vissmalk\u0101kie piemais\u012bjumi tiek atdal\u012bti, atst\u0101jot nevainojami t\u012bru filtr\u0101tu ar izsmalcin\u0101tu raksturu.<\/p>\n<p>P\u0113c sald\u0113\u0161anas posma dz\u0113rienam tiek dots laiks un telpa, lai piel\u0101gotos apk\u0101rt\u0113j\u0101s vides temperat\u016brai. Nesteidz\u012bgi tas iemanto molekul\u0101ras piln\u012bbas iez\u012bmes \u2013 nevainojamu dzidrumu<br \/>\nun bl\u012bvumu. Atk\u0101rtoti slav\u0113ts k\u0101 pasaul\u0113 visaugst\u0101k nov\u0113rt\u0113tais degv\u012bns, Elit pace\u013c degv\u012bna baud\u012bjumu v\u0113l nebiju\u0161os augstumos.<\/p>\n<p>*nov\u0113rt\u0113jumu 97\/100 pie\u0161\u0137\u012bris Beverage Testing Institute.<\/p>\n","protected":false},"excerpt":{"rendered":"<p>Degv\u012bns Elit Vodka tiek izcelts uz p\u0101r\u0113jo degv\u012bnu fona ne tikai Alfa spirta d\u0113\u013c, bet ar\u012b, pateicoties unik\u0101lajai aukstuma filtr\u0101cijai, kas ir nosl\u0113dzo\u0161\u0101 stadija degv\u012bna rad\u012b\u0161anas proces\u0101. Senkrievu trad\u012bcijas \u2013...<\/p>\n","protected":false},"featured_media":4751,"template":"","meta":[],"product_cat":[25],"product_tag":[],"acf":[],"_links":{"self":[{"href":"https:\/\/amberdistribution.lv\/lv\/wp-json\/wp\/v2\/product\/4328"}],"collection":[{"href":"https:\/\/amberdistribution.lv\/lv\/wp-json\/wp\/v2\/product"}],"about":[{"href":"https:\/\/amberdistribution.lv\/lv\/wp-json\/wp\/v2\/types\/product"}],"wp:featuredmedia":[{"embeddable":true,"href":"https:\/\/amberdistribution.lv\/lv\/wp-json\/wp\/v2\/media\/4751"}],"wp:attachment":[{"href":"https:\/\/amberdistribution.lv\/lv\/wp-json\/wp\/v2\/media?parent=4328"}],"wp:term":[{"taxonomy":"product_cat","embeddable":true,"href":"https:\/\/amberdistribution.lv\/lv\/wp-json\/wp\/v2\/product_cat?post=4328"},{"taxonomy":"product_tag","embeddable":true,"href":"https:\/\/amberdistribution.lv\/lv\/wp-json\/wp\/v2\/product_tag?post=4328"}],"curies":[{"name":"wp","href":"https:\/\/api.w.org\/{rel}","templated":true}]}}