{"id":4515,"date":"2022-07-25T13:13:35","date_gmt":"2022-07-25T13:13:35","guid":{"rendered":"https:\/\/amberdistribution.lv\/?post_type=product&#038;p=4515"},"modified":"2022-07-25T13:13:36","modified_gmt":"2022-07-25T13:13:36","slug":"monkey-shoulder-smokey-monkey","status":"publish","type":"product","link":"https:\/\/amberdistribution.lv\/lv\/product\/monkey-shoulder-smokey-monkey\/","title":{"rendered":"Monkey Shoulder Smokey Monkey"},"content":{"rendered":"<p>Monkey Shoulder pieder \u012bpa\u0161ajai un \u013coti reti sastopamai skotu viskija klasei - jauktajiem iesala viskijiem (Blended Malt Whisky). T\u0101s \u012bpatn\u012bba ir, ka pagatavo\u0161an\u0101 tiek izmantoti tikai iesala (Malt) viskiji<strong>. Monkey Shoulder Smokey<\/strong>\u00a0sast\u0101v\u0101 ir tr\u012bs izcili iesala viskiji. Viens no \u0161iem viskijiem ir \u012bpa\u0161i d\u016bmakains, kas viskiju padara v\u0113l \u012bpa\u0161\u0101ku. Monkey Shoulder Smokey tiek gatavots neliel\u0101s porcij\u0101s. Tam piem\u012bt neatk\u0101rtojama, viegli d\u016bmakaina gar\u0161a un izteikti bag\u0101t\u012bgs arom\u0101ts ar saldiem un aug\u013cainiem to\u0146iem.<\/p>\n<p>Nedzer k\u0101 m\u0113rka\u0137is - baudi atbild\u012bgi!<\/p>\n","protected":false},"excerpt":{"rendered":"<p>Monkey Shoulder pieder \u012bpa\u0161ajai un \u013coti reti sastopamai skotu viskija klasei - jauktajiem iesala viskijiem (Blended Malt Whisky). T\u0101s \u012bpatn\u012bba ir, ka pagatavo\u0161an\u0101 tiek izmantoti tikai iesala (Malt) viskiji. Monkey...<\/p>\n","protected":false},"featured_media":4516,"template":"","meta":[],"product_cat":[26,297],"product_tag":[],"acf":[],"_links":{"self":[{"href":"https:\/\/amberdistribution.lv\/lv\/wp-json\/wp\/v2\/product\/4515"}],"collection":[{"href":"https:\/\/amberdistribution.lv\/lv\/wp-json\/wp\/v2\/product"}],"about":[{"href":"https:\/\/amberdistribution.lv\/lv\/wp-json\/wp\/v2\/types\/product"}],"wp:featuredmedia":[{"embeddable":true,"href":"https:\/\/amberdistribution.lv\/lv\/wp-json\/wp\/v2\/media\/4516"}],"wp:attachment":[{"href":"https:\/\/amberdistribution.lv\/lv\/wp-json\/wp\/v2\/media?parent=4515"}],"wp:term":[{"taxonomy":"product_cat","embeddable":true,"href":"https:\/\/amberdistribution.lv\/lv\/wp-json\/wp\/v2\/product_cat?post=4515"},{"taxonomy":"product_tag","embeddable":true,"href":"https:\/\/amberdistribution.lv\/lv\/wp-json\/wp\/v2\/product_tag?post=4515"}],"curies":[{"name":"wp","href":"https:\/\/api.w.org\/{rel}","templated":true}]}}