{"id":4572,"date":"2022-07-27T07:52:36","date_gmt":"2022-07-27T07:52:36","guid":{"rendered":"https:\/\/amberdistribution.lv\/?post_type=product&#038;p=4572"},"modified":"2023-01-11T09:54:12","modified_gmt":"2023-01-11T09:54:12","slug":"hendricks-gin","status":"publish","type":"product","link":"https:\/\/amberdistribution.lv\/lv\/product\/hendricks-gin\/","title":{"rendered":"Hendrick's Gin"},"content":{"rendered":"<p>Hendrick's Gin rad\u012b\u0161an\u0101 tiek izmantots roku darbs. T\u0101 sast\u0101v\u0101 ietilpst tradicion\u0101l\u0101s augu valsts sast\u0101vda\u013cas, t\u0101das k\u0101 kadi\u0137is, koriandrs un citrusaug\u013cu mizi\u0146as. Negaid\u012btais gur\u0137a un ro\u017eu ziedlapi\u0146u piejaukums pie\u0161\u0137ir tam \u012bsti dumpiniecisku raksturu. Zelta godalgas laure\u0101ts starptautiskaj\u0101 izst\u0101d\u0113 \u201eWorld Spirits Competition\u201d (Sanfrancisko, 2000).<\/p>\n","protected":false},"excerpt":{"rendered":"<p>Hendrick's Gin rad\u012b\u0161an\u0101 tiek izmantots roku darbs. T\u0101 sast\u0101v\u0101 ietilpst tradicion\u0101l\u0101s augu valsts sast\u0101vda\u013cas, t\u0101das k\u0101 kadi\u0137is, koriandrs un citrusaug\u013cu mizi\u0146as. Negaid\u012btais gur\u0137a un ro\u017eu ziedlapi\u0146u piejaukums pie\u0161\u0137ir tam \u012bsti...<\/p>\n","protected":false},"featured_media":4580,"template":"","meta":[],"product_cat":[415],"product_tag":[],"acf":[],"_links":{"self":[{"href":"https:\/\/amberdistribution.lv\/lv\/wp-json\/wp\/v2\/product\/4572"}],"collection":[{"href":"https:\/\/amberdistribution.lv\/lv\/wp-json\/wp\/v2\/product"}],"about":[{"href":"https:\/\/amberdistribution.lv\/lv\/wp-json\/wp\/v2\/types\/product"}],"wp:featuredmedia":[{"embeddable":true,"href":"https:\/\/amberdistribution.lv\/lv\/wp-json\/wp\/v2\/media\/4580"}],"wp:attachment":[{"href":"https:\/\/amberdistribution.lv\/lv\/wp-json\/wp\/v2\/media?parent=4572"}],"wp:term":[{"taxonomy":"product_cat","embeddable":true,"href":"https:\/\/amberdistribution.lv\/lv\/wp-json\/wp\/v2\/product_cat?post=4572"},{"taxonomy":"product_tag","embeddable":true,"href":"https:\/\/amberdistribution.lv\/lv\/wp-json\/wp\/v2\/product_tag?post=4572"}],"curies":[{"name":"wp","href":"https:\/\/api.w.org\/{rel}","templated":true}]}}