{"id":5056,"date":"2023-01-13T09:19:14","date_gmt":"2023-01-13T09:19:14","guid":{"rendered":"https:\/\/amberdistribution.lv\/?post_type=product&#038;p=5056"},"modified":"2023-02-23T11:01:40","modified_gmt":"2023-02-23T11:01:40","slug":"balvenie-french-oak-16yo","status":"publish","type":"product","link":"https:\/\/amberdistribution.lv\/lv\/product\/balvenie-french-oak-16yo\/","title":{"rendered":"Balvenie French Oak 16YO"},"content":{"rendered":"<p>Izcils De-luxe kategorijas skotu iesala viskijs. Iztur\u0113ts 16 gadus izmantojot tradicion\u0101l\u0101s Amerik\u0101\u0146u ex. burbona mucas, sniedzot izteikti sildo\u0161\u0101s medus un vani\u013cas arom\u0101tu notis, p\u0113c k\u0101, nobeiguma iztur\u0113\u0161anas sl\u012bp\u0113jumu guvis Fran\u010du ozolkoka Pineau des Charentes muc\u0101s veidojot samtainu saldumu ar ener\u0123iska greipfr\u016bta, \u0123er\u0101nijas ziedu, glaz\u0113tu aug\u013cu un ingvera not\u012bm.<\/p>\n","protected":false},"excerpt":{"rendered":"<p>Izcils De-luxe kategorijas skotu iesala viskijs. Iztur\u0113ts 16 gadus izmantojot tradicion\u0101l\u0101s Amerik\u0101\u0146u ex. burbona mucas, sniedzot izteikti sildo\u0161\u0101s medus un vani\u013cas arom\u0101tu notis, p\u0113c k\u0101, nobeiguma iztur\u0113\u0161anas sl\u012bp\u0113jumu guvis Fran\u010du...<\/p>\n","protected":false},"featured_media":5057,"template":"","meta":[],"product_cat":[26,297],"product_tag":[],"acf":[],"_links":{"self":[{"href":"https:\/\/amberdistribution.lv\/lv\/wp-json\/wp\/v2\/product\/5056"}],"collection":[{"href":"https:\/\/amberdistribution.lv\/lv\/wp-json\/wp\/v2\/product"}],"about":[{"href":"https:\/\/amberdistribution.lv\/lv\/wp-json\/wp\/v2\/types\/product"}],"wp:featuredmedia":[{"embeddable":true,"href":"https:\/\/amberdistribution.lv\/lv\/wp-json\/wp\/v2\/media\/5057"}],"wp:attachment":[{"href":"https:\/\/amberdistribution.lv\/lv\/wp-json\/wp\/v2\/media?parent=5056"}],"wp:term":[{"taxonomy":"product_cat","embeddable":true,"href":"https:\/\/amberdistribution.lv\/lv\/wp-json\/wp\/v2\/product_cat?post=5056"},{"taxonomy":"product_tag","embeddable":true,"href":"https:\/\/amberdistribution.lv\/lv\/wp-json\/wp\/v2\/product_tag?post=5056"}],"curies":[{"name":"wp","href":"https:\/\/api.w.org\/{rel}","templated":true}]}}