{"id":5059,"date":"2023-01-13T09:27:17","date_gmt":"2023-01-13T09:27:17","guid":{"rendered":"https:\/\/amberdistribution.lv\/?post_type=product&#038;p=5059"},"modified":"2024-07-24T11:59:39","modified_gmt":"2024-07-24T11:59:39","slug":"tullamore-dew-honey","status":"publish","type":"product","link":"https:\/\/amberdistribution.lv\/lv\/product\/tullamore-dew-honey\/","title":{"rendered":"Tullamore Dew Honey"},"content":{"rendered":"<p>Tullamore D.E.W. Honey ir gar\u0161\u012bga maig\u0101 \u012bru viskija Tullamore D.E.W. un dab\u012bg\u0101 Boh\u0113mijas medus kombin\u0101cija. Tam piem\u012bt dzi\u013cais Tullamore D.E.W. raksturs, kas bag\u0101tin\u0101ts ar sildo\u0161i saldu medus piesk\u0101rienu. Ar \u0161\u0101du maigu gar\u0161u, pasniedziet to vienk\u0101r\u0161i t\u012br\u0101 veid\u0101 vai ar ledu.<\/p>\n","protected":false},"excerpt":{"rendered":"<p>Tullamore D.E.W. Honey ir gar\u0161\u012bga maig\u0101 \u012bru viskija Tullamore D.E.W. un dab\u012bg\u0101 Boh\u0113mijas medus kombin\u0101cija. Tam piem\u012bt dzi\u013cais Tullamore D.E.W. raksturs, kas bag\u0101tin\u0101ts ar sildo\u0161i saldu medus piesk\u0101rienu. Ar \u0161\u0101du...<\/p>\n","protected":false},"featured_media":6822,"template":"","meta":[],"product_cat":[26,298],"product_tag":[],"acf":[],"_links":{"self":[{"href":"https:\/\/amberdistribution.lv\/lv\/wp-json\/wp\/v2\/product\/5059"}],"collection":[{"href":"https:\/\/amberdistribution.lv\/lv\/wp-json\/wp\/v2\/product"}],"about":[{"href":"https:\/\/amberdistribution.lv\/lv\/wp-json\/wp\/v2\/types\/product"}],"wp:featuredmedia":[{"embeddable":true,"href":"https:\/\/amberdistribution.lv\/lv\/wp-json\/wp\/v2\/media\/6822"}],"wp:attachment":[{"href":"https:\/\/amberdistribution.lv\/lv\/wp-json\/wp\/v2\/media?parent=5059"}],"wp:term":[{"taxonomy":"product_cat","embeddable":true,"href":"https:\/\/amberdistribution.lv\/lv\/wp-json\/wp\/v2\/product_cat?post=5059"},{"taxonomy":"product_tag","embeddable":true,"href":"https:\/\/amberdistribution.lv\/lv\/wp-json\/wp\/v2\/product_tag?post=5059"}],"curies":[{"name":"wp","href":"https:\/\/api.w.org\/{rel}","templated":true}]}}