{"id":5104,"date":"2023-01-13T10:55:06","date_gmt":"2023-01-13T10:55:06","guid":{"rendered":"https:\/\/amberdistribution.lv\/?post_type=product&#038;p=5104"},"modified":"2023-02-23T11:04:23","modified_gmt":"2023-02-23T11:04:23","slug":"rooster-rojo-ahumado","status":"publish","type":"product","link":"https:\/\/amberdistribution.lv\/lv\/product\/rooster-rojo-ahumado\/","title":{"rendered":"Rooster Rojo Ahumado"},"content":{"rendered":"<p>\u0160\u012bs tekilas ra\u017eo\u0161an\u0101 m\u0113s izmantojam \u012bpa\u0161u, amatniecisku agavju cep\u0161anas veidu. T\u0101s 48 stundas tiek ceptas speci\u0101l\u0101s, zem\u0113 ierakt\u0101s akme\u0146u kr\u0101sn\u012bs, izmantojot \u012bpa\u0161u malku. Sagriezt\u0101s agaves ievieto \u201ckr\u0101sn\u012b\u201d, t\u0101s tiek p\u0101rkl\u0101tas ar saus\u0101m \u0161\u0137iedr\u0101m un visbeidzot nosl\u0113gtas ar samitrin\u0101tu zemi. Ahumado ra\u017eo\u0161anai tiek izmantotas gan tradicion\u0101li tekilai cept\u0101s agaves, gan ar\u012b \u0161\u012bs - k\u016bpin\u0101t\u0101s. V\u0113l\u0101k ieg\u016bt\u0101 misa tiek ferment\u0113ta, divreiz destil\u0113ta un glab\u0101ta ozolkoka muc\u0101s vair\u0101k nek\u0101 2 m\u0113ne\u0161us. Rezult\u0101t\u0101 tiek ieg\u016bta unik\u0101la, meistar\u012bgi sabalans\u0113ta, d\u016bmakaina un delik\u0101tas gar\u0161as bag\u0101ta tekila.<\/p>\n","protected":false},"excerpt":{"rendered":"<p>\u0160\u012bs tekilas ra\u017eo\u0161an\u0101 m\u0113s izmantojam \u012bpa\u0161u, amatniecisku agavju cep\u0161anas veidu. T\u0101s 48 stundas tiek ceptas speci\u0101l\u0101s, zem\u0113 ierakt\u0101s akme\u0146u kr\u0101sn\u012bs, izmantojot \u012bpa\u0161u malku. Sagriezt\u0101s agaves ievieto \u201ckr\u0101sn\u012b\u201d, t\u0101s tiek p\u0101rkl\u0101tas...<\/p>\n","protected":false},"featured_media":5105,"template":"","meta":[],"product_cat":[413],"product_tag":[],"acf":[],"_links":{"self":[{"href":"https:\/\/amberdistribution.lv\/lv\/wp-json\/wp\/v2\/product\/5104"}],"collection":[{"href":"https:\/\/amberdistribution.lv\/lv\/wp-json\/wp\/v2\/product"}],"about":[{"href":"https:\/\/amberdistribution.lv\/lv\/wp-json\/wp\/v2\/types\/product"}],"wp:featuredmedia":[{"embeddable":true,"href":"https:\/\/amberdistribution.lv\/lv\/wp-json\/wp\/v2\/media\/5105"}],"wp:attachment":[{"href":"https:\/\/amberdistribution.lv\/lv\/wp-json\/wp\/v2\/media?parent=5104"}],"wp:term":[{"taxonomy":"product_cat","embeddable":true,"href":"https:\/\/amberdistribution.lv\/lv\/wp-json\/wp\/v2\/product_cat?post=5104"},{"taxonomy":"product_tag","embeddable":true,"href":"https:\/\/amberdistribution.lv\/lv\/wp-json\/wp\/v2\/product_tag?post=5104"}],"curies":[{"name":"wp","href":"https:\/\/api.w.org\/{rel}","templated":true}]}}