{"id":5120,"date":"2023-01-13T12:38:54","date_gmt":"2023-01-13T12:38:54","guid":{"rendered":"https:\/\/amberdistribution.lv\/?post_type=product&#038;p=5120"},"modified":"2024-11-28T14:54:40","modified_gmt":"2024-11-28T14:54:40","slug":"torres-el-pisco-gobernador","status":"publish","type":"product","link":"https:\/\/amberdistribution.lv\/lv\/product\/torres-el-pisco-gobernador\/","title":{"rendered":"Torres El Gobernador Pisco"},"content":{"rendered":"<p class=\"serp-title\"><span style=\"font-size: 16px;\"><strong>Torres El Gobernador Pisco<\/strong> izgatavots no Muscatel Alexandria un Muscatel Rose v\u012bnog\u0101m. Arom\u0101t\u0101 j\u016btamas rozes, jasm\u012bni un karameliz\u0113ti citrusi.<\/span><\/p>\n","protected":false},"excerpt":{"rendered":"<p>Torres El Gobernador Pisco izgatavots no Muscatel Alexandria un Muscatel Rose v\u012bnog\u0101m. Arom\u0101t\u0101 j\u016btamas rozes, jasm\u012bni un karameliz\u0113ti citrusi.<\/p>\n","protected":false},"featured_media":5121,"template":"","meta":[],"product_cat":[302,1064],"product_tag":[],"acf":[],"_links":{"self":[{"href":"https:\/\/amberdistribution.lv\/lv\/wp-json\/wp\/v2\/product\/5120"}],"collection":[{"href":"https:\/\/amberdistribution.lv\/lv\/wp-json\/wp\/v2\/product"}],"about":[{"href":"https:\/\/amberdistribution.lv\/lv\/wp-json\/wp\/v2\/types\/product"}],"wp:featuredmedia":[{"embeddable":true,"href":"https:\/\/amberdistribution.lv\/lv\/wp-json\/wp\/v2\/media\/5121"}],"wp:attachment":[{"href":"https:\/\/amberdistribution.lv\/lv\/wp-json\/wp\/v2\/media?parent=5120"}],"wp:term":[{"taxonomy":"product_cat","embeddable":true,"href":"https:\/\/amberdistribution.lv\/lv\/wp-json\/wp\/v2\/product_cat?post=5120"},{"taxonomy":"product_tag","embeddable":true,"href":"https:\/\/amberdistribution.lv\/lv\/wp-json\/wp\/v2\/product_tag?post=5120"}],"curies":[{"name":"wp","href":"https:\/\/api.w.org\/{rel}","templated":true}]}}