{"id":5126,"date":"2023-01-13T12:57:05","date_gmt":"2023-01-13T12:57:05","guid":{"rendered":"https:\/\/amberdistribution.lv\/?post_type=product&#038;p=5126"},"modified":"2023-01-13T12:57:07","modified_gmt":"2023-01-13T12:57:07","slug":"giffard-elderflower-syrup","status":"publish","type":"product","link":"https:\/\/amberdistribution.lv\/lv\/product\/giffard-elderflower-syrup\/","title":{"rendered":"Giffard Elderflower syrup"},"content":{"rendered":"<p>T\u012brs cukura s\u012brups, kas izgatavots no dab\u012bg\u0101 pl\u016b\u0161koka ziedu arom\u0101ta un koncentr\u0113tas citronu sulas.<\/p>\n","protected":false},"excerpt":{"rendered":"<p>T\u012brs cukura s\u012brups, kas izgatavots no dab\u012bg\u0101 pl\u016b\u0161koka ziedu arom\u0101ta un koncentr\u0113tas citronu sulas.<\/p>\n","protected":false},"featured_media":5127,"template":"","meta":[],"product_cat":[447,452],"product_tag":[],"acf":[],"_links":{"self":[{"href":"https:\/\/amberdistribution.lv\/lv\/wp-json\/wp\/v2\/product\/5126"}],"collection":[{"href":"https:\/\/amberdistribution.lv\/lv\/wp-json\/wp\/v2\/product"}],"about":[{"href":"https:\/\/amberdistribution.lv\/lv\/wp-json\/wp\/v2\/types\/product"}],"wp:featuredmedia":[{"embeddable":true,"href":"https:\/\/amberdistribution.lv\/lv\/wp-json\/wp\/v2\/media\/5127"}],"wp:attachment":[{"href":"https:\/\/amberdistribution.lv\/lv\/wp-json\/wp\/v2\/media?parent=5126"}],"wp:term":[{"taxonomy":"product_cat","embeddable":true,"href":"https:\/\/amberdistribution.lv\/lv\/wp-json\/wp\/v2\/product_cat?post=5126"},{"taxonomy":"product_tag","embeddable":true,"href":"https:\/\/amberdistribution.lv\/lv\/wp-json\/wp\/v2\/product_tag?post=5126"}],"curies":[{"name":"wp","href":"https:\/\/api.w.org\/{rel}","templated":true}]}}