{"id":5129,"date":"2023-01-13T13:02:53","date_gmt":"2023-01-13T13:02:53","guid":{"rendered":"https:\/\/amberdistribution.lv\/?post_type=product&#038;p=5129"},"modified":"2023-01-13T13:02:55","modified_gmt":"2023-01-13T13:02:55","slug":"giffard-mojito-syrup","status":"publish","type":"product","link":"https:\/\/amberdistribution.lv\/lv\/product\/giffard-mojito-syrup\/","title":{"rendered":"Giffard Mojito Syrup"},"content":{"rendered":"<p>T\u012brs cukura s\u012brups no dab\u012bgiem piparm\u0113tru un laima arom\u0101tiem. Bez konservantiem.<\/p>\n","protected":false},"excerpt":{"rendered":"<p>T\u012brs cukura s\u012brups no dab\u012bgiem piparm\u0113tru un laima arom\u0101tiem. Bez konservantiem.<\/p>\n","protected":false},"featured_media":5130,"template":"","meta":[],"product_cat":[452,447],"product_tag":[],"acf":[],"_links":{"self":[{"href":"https:\/\/amberdistribution.lv\/lv\/wp-json\/wp\/v2\/product\/5129"}],"collection":[{"href":"https:\/\/amberdistribution.lv\/lv\/wp-json\/wp\/v2\/product"}],"about":[{"href":"https:\/\/amberdistribution.lv\/lv\/wp-json\/wp\/v2\/types\/product"}],"wp:featuredmedia":[{"embeddable":true,"href":"https:\/\/amberdistribution.lv\/lv\/wp-json\/wp\/v2\/media\/5130"}],"wp:attachment":[{"href":"https:\/\/amberdistribution.lv\/lv\/wp-json\/wp\/v2\/media?parent=5129"}],"wp:term":[{"taxonomy":"product_cat","embeddable":true,"href":"https:\/\/amberdistribution.lv\/lv\/wp-json\/wp\/v2\/product_cat?post=5129"},{"taxonomy":"product_tag","embeddable":true,"href":"https:\/\/amberdistribution.lv\/lv\/wp-json\/wp\/v2\/product_tag?post=5129"}],"curies":[{"name":"wp","href":"https:\/\/api.w.org\/{rel}","templated":true}]}}