{"id":5132,"date":"2023-01-13T13:04:37","date_gmt":"2023-01-13T13:04:37","guid":{"rendered":"https:\/\/amberdistribution.lv\/?post_type=product&#038;p=5132"},"modified":"2023-01-13T13:04:39","modified_gmt":"2023-01-13T13:04:39","slug":"giffard-mango-syrup","status":"publish","type":"product","link":"https:\/\/amberdistribution.lv\/lv\/product\/giffard-mango-syrup\/","title":{"rendered":"Giffard Mango syrup"},"content":{"rendered":"<p>T\u012brs cukura s\u012brups, kas izgatavots no koncentr\u0113tas mango sulas. Bez konservantiem.<\/p>\n","protected":false},"excerpt":{"rendered":"<p>T\u012brs cukura s\u012brups, kas izgatavots no koncentr\u0113tas mango sulas. Bez konservantiem.<\/p>\n","protected":false},"featured_media":5133,"template":"","meta":[],"product_cat":[447,452],"product_tag":[],"acf":[],"_links":{"self":[{"href":"https:\/\/amberdistribution.lv\/lv\/wp-json\/wp\/v2\/product\/5132"}],"collection":[{"href":"https:\/\/amberdistribution.lv\/lv\/wp-json\/wp\/v2\/product"}],"about":[{"href":"https:\/\/amberdistribution.lv\/lv\/wp-json\/wp\/v2\/types\/product"}],"wp:featuredmedia":[{"embeddable":true,"href":"https:\/\/amberdistribution.lv\/lv\/wp-json\/wp\/v2\/media\/5133"}],"wp:attachment":[{"href":"https:\/\/amberdistribution.lv\/lv\/wp-json\/wp\/v2\/media?parent=5132"}],"wp:term":[{"taxonomy":"product_cat","embeddable":true,"href":"https:\/\/amberdistribution.lv\/lv\/wp-json\/wp\/v2\/product_cat?post=5132"},{"taxonomy":"product_tag","embeddable":true,"href":"https:\/\/amberdistribution.lv\/lv\/wp-json\/wp\/v2\/product_tag?post=5132"}],"curies":[{"name":"wp","href":"https:\/\/api.w.org\/{rel}","templated":true}]}}