{"id":5196,"date":"2023-01-17T09:17:40","date_gmt":"2023-01-17T09:17:40","guid":{"rendered":"https:\/\/amberdistribution.lv\/?post_type=product&#038;p=5196"},"modified":"2023-01-17T09:17:41","modified_gmt":"2023-01-17T09:17:41","slug":"henners-brut-nv","status":"publish","type":"product","link":"https:\/\/amberdistribution.lv\/lv\/product\/henners-brut-nv\/","title":{"rendered":"Henners Brut NV"},"content":{"rendered":"<p>Anglijas dzirksto\u0161ais v\u012bns. Bruts gatavots izmantojot klasisko \u0161ampanie\u0161a gatavo\u0161anas metodi no Dienvidsaseks\u0101 audz\u0113t\u0101m Chardonnay 40% Pinot Noir\u00a0 35% Meunier 25% v\u012bnog\u0101m. Dzirksto\u0161ais v\u012bns iztur\u0113ts 36 m\u0113ne\u0161us. Blend\u0101 20% ir reserve v\u012bni, kas iztur\u0113ti ozolkoka muc\u0101s. Doz\u0101\u017ea 7g. Izgatavotas tikai 40\u00a0000 pudeles. Kr\u0113m\u012bgs, \u013coti svaigs dzirksto\u0161ais v\u012bns, ar citrusaug\u013cu, tropisko aug\u013cu, za\u013co un sarkano \u0101bolu, mango arom\u0101tiem, viegl\u0101m maizes un biskv\u012bta not\u012bm. Izcils aperit\u012bvs, lieliski sader\u0113s ar j\u016bras velt\u0113m, viegl\u0101m uzkod\u0101m. Apbalvots ar DECANTER sudraba meda\u013cu. Latvijas Gada V\u012bns 2021. Sudraba meda\u013ca.<\/p>\n<p>&nbsp;<\/p>\n","protected":false},"excerpt":{"rendered":"<p>Anglijas dzirksto\u0161ais v\u012bns. Bruts gatavots izmantojot klasisko \u0161ampanie\u0161a gatavo\u0161anas metodi no Dienvidsaseks\u0101 audz\u0113t\u0101m Chardonnay 40% Pinot Noir\u00a0 35% Meunier 25% v\u012bnog\u0101m. Dzirksto\u0161ais v\u012bns iztur\u0113ts 36 m\u0113ne\u0161us. Blend\u0101 20% ir reserve...<\/p>\n","protected":false},"featured_media":5202,"template":"","meta":[],"product_cat":[416],"product_tag":[],"acf":[],"_links":{"self":[{"href":"https:\/\/amberdistribution.lv\/lv\/wp-json\/wp\/v2\/product\/5196"}],"collection":[{"href":"https:\/\/amberdistribution.lv\/lv\/wp-json\/wp\/v2\/product"}],"about":[{"href":"https:\/\/amberdistribution.lv\/lv\/wp-json\/wp\/v2\/types\/product"}],"wp:featuredmedia":[{"embeddable":true,"href":"https:\/\/amberdistribution.lv\/lv\/wp-json\/wp\/v2\/media\/5202"}],"wp:attachment":[{"href":"https:\/\/amberdistribution.lv\/lv\/wp-json\/wp\/v2\/media?parent=5196"}],"wp:term":[{"taxonomy":"product_cat","embeddable":true,"href":"https:\/\/amberdistribution.lv\/lv\/wp-json\/wp\/v2\/product_cat?post=5196"},{"taxonomy":"product_tag","embeddable":true,"href":"https:\/\/amberdistribution.lv\/lv\/wp-json\/wp\/v2\/product_tag?post=5196"}],"curies":[{"name":"wp","href":"https:\/\/api.w.org\/{rel}","templated":true}]}}