{"id":5204,"date":"2023-01-17T09:26:43","date_gmt":"2023-01-17T09:26:43","guid":{"rendered":"https:\/\/amberdistribution.lv\/?post_type=product&#038;p=5204"},"modified":"2023-01-17T09:26:45","modified_gmt":"2023-01-17T09:26:45","slug":"henners-rose-nv","status":"publish","type":"product","link":"https:\/\/amberdistribution.lv\/lv\/product\/henners-rose-nv\/","title":{"rendered":"Henners Rose NV"},"content":{"rendered":"<p>Anglijas dzirksto\u0161ais roz\u0101 v\u012bns, \u00a0gatavots izmantojot klasisko \u0161ampanie\u0161a gatavo\u0161anas metodi no Dienvidsaseks\u0101 audz\u0113t\u0101m\u00a0 Pinot Noir 35% un Meunier 65% v\u012bnog\u0101m. Dzirksto\u0161ais v\u012bns iztur\u0113ts 18 m\u0113ne\u0161us. Izgatavotas tikai 20\u00a0000 pudeles.V\u012bnam rakstur\u012bgi izteiksm\u012bgi sarkano aug\u013cu un ogu arom\u0101ti, zemenes, avenes, \u0137ir\u0161i. \u00a0Lieliski sader\u0113s ar garnel\u0113m, gar\u0161viel\u0101m bag\u0101tiem \u0113dieniem. Apbalvots ar DECANTER sudraba meda\u013cu. Latvijas Gada V\u012bns 2021. un 2022. Sudraba meda\u013cas un TOP-100 v\u012bns Latvij\u0101<\/p>\n","protected":false},"excerpt":{"rendered":"<p>Anglijas dzirksto\u0161ais roz\u0101 v\u012bns, \u00a0gatavots izmantojot klasisko \u0161ampanie\u0161a gatavo\u0161anas metodi no Dienvidsaseks\u0101 audz\u0113t\u0101m\u00a0 Pinot Noir 35% un Meunier 65% v\u012bnog\u0101m. Dzirksto\u0161ais v\u012bns iztur\u0113ts 18 m\u0113ne\u0161us. Izgatavotas tikai 20\u00a0000 pudeles.V\u012bnam rakstur\u012bgi...<\/p>\n","protected":false},"featured_media":5205,"template":"","meta":[],"product_cat":[416],"product_tag":[],"acf":[],"_links":{"self":[{"href":"https:\/\/amberdistribution.lv\/lv\/wp-json\/wp\/v2\/product\/5204"}],"collection":[{"href":"https:\/\/amberdistribution.lv\/lv\/wp-json\/wp\/v2\/product"}],"about":[{"href":"https:\/\/amberdistribution.lv\/lv\/wp-json\/wp\/v2\/types\/product"}],"wp:featuredmedia":[{"embeddable":true,"href":"https:\/\/amberdistribution.lv\/lv\/wp-json\/wp\/v2\/media\/5205"}],"wp:attachment":[{"href":"https:\/\/amberdistribution.lv\/lv\/wp-json\/wp\/v2\/media?parent=5204"}],"wp:term":[{"taxonomy":"product_cat","embeddable":true,"href":"https:\/\/amberdistribution.lv\/lv\/wp-json\/wp\/v2\/product_cat?post=5204"},{"taxonomy":"product_tag","embeddable":true,"href":"https:\/\/amberdistribution.lv\/lv\/wp-json\/wp\/v2\/product_tag?post=5204"}],"curies":[{"name":"wp","href":"https:\/\/api.w.org\/{rel}","templated":true}]}}