{"id":5213,"date":"2023-01-17T10:19:38","date_gmt":"2023-01-17T10:19:38","guid":{"rendered":"https:\/\/amberdistribution.lv\/?post_type=product&#038;p=5213"},"modified":"2024-08-14T07:26:16","modified_gmt":"2024-08-14T07:26:16","slug":"wolfberger-cremant-dalsace-reverence-ix","status":"publish","type":"product","link":"https:\/\/amberdistribution.lv\/lv\/product\/wolfberger-cremant-dalsace-reverence-ix\/","title":{"rendered":"Wolfberger Cremant D'Alsace Reverence IX"},"content":{"rendered":"<p>30 m\u0113ne\u0161us iztur\u0113ts Cremant no slaven\u0101 Elzasas ra\u017eot\u0101ja WOLFBERGER. Taj\u0101 pa\u0161\u0101 ciem\u0101 Eguisheim, kur atrodas Wolfberger v\u012bna dar\u012btava, 1054. gad\u0101 \u00a0dzimis viens no Romas p\u0101vestiem\u00a0 Sv\u0113tais Leons IX. Par godu \u0161im faktam v\u012bnu nams gatavo izcilas kvalit\u0101tes Cremant no Chardonnay, kas nogatavin\u0101ts 30 m\u0113ne\u0161us.<\/p>\n<p>Wolfberger Cremant D'Alsace Reverence IX ir skaist\u0101 zelta kr\u0101s\u0101 ar smalkiem, ilgnotur\u012bgiem\u00a0 burbul\u012b\u0161iem. Arom\u0101t\u0101 j\u016btamas ak\u0101cijas, vieglas\u00a0 brio\u0161 un\u00a0 grauzd\u0113juma notis. Iztur\u0113ts 30 m\u0113ne\u0161us. Gar\u0161\u0101 pat\u012bkams atsvaidzino\u0161s sk\u0101bums. Ieteicams pasniegt atdzes\u0113tu l\u012bdz\u00a0 5 - 7\u00b0C. Lielisks aperit\u012bvs, ide\u0101li sader\u0113s ar j\u016bras velt\u0113m, zivju \u0113dieniem k\u0101 ar\u012b nesaldiem desertiem.<\/p>\n<p>Magnum pieejams \u012bpa\u0161i skaist\u0101 kast\u0113, ko iesp\u0113jams izmantot ar\u012b k\u0101 ledus trauku.<\/p>\n","protected":false},"excerpt":{"rendered":"<p>30 m\u0113ne\u0161us iztur\u0113ts Cremant no slaven\u0101 Elzasas ra\u017eot\u0101ja WOLFBERGER. Taj\u0101 pa\u0161\u0101 ciem\u0101 Eguisheim, kur atrodas Wolfberger v\u012bna dar\u012btava, 1054. gad\u0101 \u00a0dzimis viens no Romas p\u0101vestiem\u00a0 Sv\u0113tais Leons IX. Par godu...<\/p>\n","protected":false},"featured_media":6006,"template":"","meta":[],"product_cat":[416],"product_tag":[],"acf":[],"_links":{"self":[{"href":"https:\/\/amberdistribution.lv\/lv\/wp-json\/wp\/v2\/product\/5213"}],"collection":[{"href":"https:\/\/amberdistribution.lv\/lv\/wp-json\/wp\/v2\/product"}],"about":[{"href":"https:\/\/amberdistribution.lv\/lv\/wp-json\/wp\/v2\/types\/product"}],"wp:featuredmedia":[{"embeddable":true,"href":"https:\/\/amberdistribution.lv\/lv\/wp-json\/wp\/v2\/media\/6006"}],"wp:attachment":[{"href":"https:\/\/amberdistribution.lv\/lv\/wp-json\/wp\/v2\/media?parent=5213"}],"wp:term":[{"taxonomy":"product_cat","embeddable":true,"href":"https:\/\/amberdistribution.lv\/lv\/wp-json\/wp\/v2\/product_cat?post=5213"},{"taxonomy":"product_tag","embeddable":true,"href":"https:\/\/amberdistribution.lv\/lv\/wp-json\/wp\/v2\/product_tag?post=5213"}],"curies":[{"name":"wp","href":"https:\/\/api.w.org\/{rel}","templated":true}]}}