{"id":5228,"date":"2023-01-17T10:34:47","date_gmt":"2023-01-17T10:34:47","guid":{"rendered":"https:\/\/amberdistribution.lv\/?post_type=product&#038;p=5228"},"modified":"2023-01-17T10:34:48","modified_gmt":"2023-01-17T10:34:48","slug":"wolfberger-cremant-brut-rose-2","status":"publish","type":"product","link":"https:\/\/amberdistribution.lv\/lv\/product\/wolfberger-cremant-brut-rose-2\/","title":{"rendered":"Wolfberger Cremant Brut Rose"},"content":{"rendered":"<p>Sausais dzirksto\u0161ais roz\u0101 v\u012bns no Francijas re\u0123iona Elzasa (Alsace) ir ra\u017eots no Pinot Noir v\u012bnog\u0101m un ir izcils re\u0123iona p\u0101rst\u0101vis. Eleganta maiga roz\u0101 kr\u0101sa un smalkie akt\u012bvie burbu\u013ci pie\u0161\u0137ir dzirksto\u0161ajam v\u012bnam \u012bpa\u0161u \u0161armu. Gar\u0161a ir labi sabalans\u0113ta, apa\u013ca un bieza, arom\u0101ts par\u0101da arb\u016bzu un zeme\u0146u nianses, v\u012bnam ir pat\u012bkama, maiga p\u0113cgar\u0161a. \u0160is v\u012bns ir ide\u0101ls k\u0101 aperit\u012bvs, var b\u016bt pasniegts pie aug\u013cu desertiem. Pasniegt atdzes\u0113tu l\u012bdz 7-8\u00b0C. Satur sulf\u012btus.<\/p>\n","protected":false},"excerpt":{"rendered":"<p>Sausais dzirksto\u0161ais roz\u0101 v\u012bns no Francijas re\u0123iona Elzasa (Alsace) ir ra\u017eots no Pinot Noir v\u012bnog\u0101m un ir izcils re\u0123iona p\u0101rst\u0101vis. Eleganta maiga roz\u0101 kr\u0101sa un smalkie akt\u012bvie burbu\u013ci pie\u0161\u0137ir dzirksto\u0161ajam...<\/p>\n","protected":false},"featured_media":5229,"template":"","meta":[],"product_cat":[416],"product_tag":[],"acf":[],"_links":{"self":[{"href":"https:\/\/amberdistribution.lv\/lv\/wp-json\/wp\/v2\/product\/5228"}],"collection":[{"href":"https:\/\/amberdistribution.lv\/lv\/wp-json\/wp\/v2\/product"}],"about":[{"href":"https:\/\/amberdistribution.lv\/lv\/wp-json\/wp\/v2\/types\/product"}],"wp:featuredmedia":[{"embeddable":true,"href":"https:\/\/amberdistribution.lv\/lv\/wp-json\/wp\/v2\/media\/5229"}],"wp:attachment":[{"href":"https:\/\/amberdistribution.lv\/lv\/wp-json\/wp\/v2\/media?parent=5228"}],"wp:term":[{"taxonomy":"product_cat","embeddable":true,"href":"https:\/\/amberdistribution.lv\/lv\/wp-json\/wp\/v2\/product_cat?post=5228"},{"taxonomy":"product_tag","embeddable":true,"href":"https:\/\/amberdistribution.lv\/lv\/wp-json\/wp\/v2\/product_tag?post=5228"}],"curies":[{"name":"wp","href":"https:\/\/api.w.org\/{rel}","templated":true}]}}