{"id":5244,"date":"2023-01-17T11:19:11","date_gmt":"2023-01-17T11:19:11","guid":{"rendered":"https:\/\/amberdistribution.lv\/?post_type=product&#038;p=5244"},"modified":"2023-07-19T10:45:17","modified_gmt":"2023-07-19T10:45:17","slug":"musti-nobilis-prosecco-doc-extra-dry","status":"publish","type":"product","link":"https:\/\/amberdistribution.lv\/lv\/product\/musti-nobilis-prosecco-doc-extra-dry\/","title":{"rendered":"Musti Nobilis Prosecco DOC Extra Dry"},"content":{"rendered":"<p>Gatavots no Glera v\u012bnog\u0101m no Treviso Veneto re\u0123ion\u0101. Bu\u0137et\u0113 domin\u0113 persiku, za\u013co \u0101bolu, ak\u0101ciju arom\u0101ti.<\/p>\n<p>Ieteicams pasniegt atdzes\u0113tu. Lielisks k\u0101 aperit\u012bvs, ide\u0101li sader\u0113s ar sal\u0101tiem, uzkod\u0101m, zivju un putna ga\u013cas \u0113dieniem, viegl\u0101m uzkod\u0101m, \u0161u\u0161i, j\u016bras velt\u0113m.<\/p>\n<p>Perfekta vasaras koktei\u013cu sast\u0101vda\u013ca- lielisks kop\u0101 ar svaigu persiku, apels\u012bnu vai ave\u0146u sulu nun ledu, k\u0101 ar\u012b citos tradicion\u0101los prosecco koktei\u013cos.<\/p>\n","protected":false},"excerpt":{"rendered":"<p>Gatavots no Glera v\u012bnog\u0101m no Treviso Veneto re\u0123ion\u0101. Bu\u0137et\u0113 domin\u0113 persiku, za\u013co \u0101bolu, ak\u0101ciju arom\u0101ti. Ieteicams pasniegt atdzes\u0113tu. Lielisks k\u0101 aperit\u012bvs, ide\u0101li sader\u0113s ar sal\u0101tiem, uzkod\u0101m, zivju un putna ga\u013cas...<\/p>\n","protected":false},"featured_media":5245,"template":"","meta":[],"product_cat":[416],"product_tag":[],"acf":[],"_links":{"self":[{"href":"https:\/\/amberdistribution.lv\/lv\/wp-json\/wp\/v2\/product\/5244"}],"collection":[{"href":"https:\/\/amberdistribution.lv\/lv\/wp-json\/wp\/v2\/product"}],"about":[{"href":"https:\/\/amberdistribution.lv\/lv\/wp-json\/wp\/v2\/types\/product"}],"wp:featuredmedia":[{"embeddable":true,"href":"https:\/\/amberdistribution.lv\/lv\/wp-json\/wp\/v2\/media\/5245"}],"wp:attachment":[{"href":"https:\/\/amberdistribution.lv\/lv\/wp-json\/wp\/v2\/media?parent=5244"}],"wp:term":[{"taxonomy":"product_cat","embeddable":true,"href":"https:\/\/amberdistribution.lv\/lv\/wp-json\/wp\/v2\/product_cat?post=5244"},{"taxonomy":"product_tag","embeddable":true,"href":"https:\/\/amberdistribution.lv\/lv\/wp-json\/wp\/v2\/product_tag?post=5244"}],"curies":[{"name":"wp","href":"https:\/\/api.w.org\/{rel}","templated":true}]}}