{"id":5303,"date":"2023-01-18T11:07:54","date_gmt":"2023-01-18T11:07:54","guid":{"rendered":"https:\/\/amberdistribution.lv\/?post_type=product&#038;p=5303"},"modified":"2023-02-16T14:06:44","modified_gmt":"2023-02-16T14:06:44","slug":"casillero-del-diablo-reserva-especial-chardonnay","status":"publish","type":"product","link":"https:\/\/amberdistribution.lv\/lv\/product\/casillero-del-diablo-reserva-especial-chardonnay\/","title":{"rendered":"Casillero del Diablo Reserva Especial Chardonnay"},"content":{"rendered":"<p>Casillero del Diablo Reserva Especial Chardonnay izcelsme ir Limari ieleja. Taj\u0101 ir j\u016btamas anan\u0101su un persiku notis, kam seko lazdu riekstu nokr\u0101sa. Mut\u0113 tam ir vid\u0113js \u0137ermenis ar svaig\u0101m persiku not\u012bm, ko papildina t\u0101 smalk\u0101 mineralit\u0101te.<\/p>\n<p>Pasniedz: 10-12\u00baC<\/p>\n","protected":false},"excerpt":{"rendered":"<p>Casillero del Diablo Reserva Especial Chardonnay izcelsme ir Limari ieleja. Taj\u0101 ir j\u016btamas anan\u0101su un persiku notis, kam seko lazdu riekstu nokr\u0101sa. Mut\u0113 tam ir vid\u0113js \u0137ermenis ar svaig\u0101m persiku...<\/p>\n","protected":false},"featured_media":5304,"template":"","meta":[],"product_cat":[418,425],"product_tag":[],"acf":[],"_links":{"self":[{"href":"https:\/\/amberdistribution.lv\/lv\/wp-json\/wp\/v2\/product\/5303"}],"collection":[{"href":"https:\/\/amberdistribution.lv\/lv\/wp-json\/wp\/v2\/product"}],"about":[{"href":"https:\/\/amberdistribution.lv\/lv\/wp-json\/wp\/v2\/types\/product"}],"wp:featuredmedia":[{"embeddable":true,"href":"https:\/\/amberdistribution.lv\/lv\/wp-json\/wp\/v2\/media\/5304"}],"wp:attachment":[{"href":"https:\/\/amberdistribution.lv\/lv\/wp-json\/wp\/v2\/media?parent=5303"}],"wp:term":[{"taxonomy":"product_cat","embeddable":true,"href":"https:\/\/amberdistribution.lv\/lv\/wp-json\/wp\/v2\/product_cat?post=5303"},{"taxonomy":"product_tag","embeddable":true,"href":"https:\/\/amberdistribution.lv\/lv\/wp-json\/wp\/v2\/product_tag?post=5303"}],"curies":[{"name":"wp","href":"https:\/\/api.w.org\/{rel}","templated":true}]}}