{"id":5324,"date":"2023-01-18T13:31:09","date_gmt":"2023-01-18T13:31:09","guid":{"rendered":"https:\/\/amberdistribution.lv\/?post_type=product&#038;p=5324"},"modified":"2023-03-08T08:51:57","modified_gmt":"2023-03-08T08:51:57","slug":"wolfberger-gewurztraminer-alsace-blanc","status":"publish","type":"product","link":"https:\/\/amberdistribution.lv\/lv\/product\/wolfberger-gewurztraminer-alsace-blanc\/","title":{"rendered":"Wolfberger Gewurztraminer Alsace Blanc"},"content":{"rendered":"<p>Wolfberger Gewurztraminer Alsace Blanc ir baltv\u012bns no Francijas zieme\u013caustrumiem, Elzasas re\u0123iona. Gai\u0161i zeltainajam v\u012bnam ir izteiksm\u012bgs arom\u0101ts ar smalk\u0101m piparu un krustnagli\u0146u not\u012bm, k\u0101 ar\u012b bag\u0101ta un ilgsto\u0161a p\u0113cgar\u0161a. V\u012bns labi gar\u0161os pie eksotisk\u0101m malt\u012bt\u0113m, tas sader kop\u0101 ar \u0100zijas virtuvi k\u0101 ar\u012b ar da\u017e\u0101diem saldiem un sk\u0101biem \u0113dieniem. Lieliski gar\u0161os ar\u012b viens pats vai k\u0101 piedeva aug\u013cu desertam. Ieteicams pasniegt atdzes\u0113tu, 10-12\u00b0C temperat\u016br\u0101. Satur sulf\u012btus.<\/p>\n","protected":false},"excerpt":{"rendered":"<p>Wolfberger Gewurztraminer Alsace Blanc ir baltv\u012bns no Francijas zieme\u013caustrumiem, Elzasas re\u0123iona. Gai\u0161i zeltainajam v\u012bnam ir izteiksm\u012bgs arom\u0101ts ar smalk\u0101m piparu un krustnagli\u0146u not\u012bm, k\u0101 ar\u012b bag\u0101ta un ilgsto\u0161a p\u0113cgar\u0161a. V\u012bns...<\/p>\n","protected":false},"featured_media":5325,"template":"","meta":[],"product_cat":[418,419],"product_tag":[],"acf":[],"_links":{"self":[{"href":"https:\/\/amberdistribution.lv\/lv\/wp-json\/wp\/v2\/product\/5324"}],"collection":[{"href":"https:\/\/amberdistribution.lv\/lv\/wp-json\/wp\/v2\/product"}],"about":[{"href":"https:\/\/amberdistribution.lv\/lv\/wp-json\/wp\/v2\/types\/product"}],"wp:featuredmedia":[{"embeddable":true,"href":"https:\/\/amberdistribution.lv\/lv\/wp-json\/wp\/v2\/media\/5325"}],"wp:attachment":[{"href":"https:\/\/amberdistribution.lv\/lv\/wp-json\/wp\/v2\/media?parent=5324"}],"wp:term":[{"taxonomy":"product_cat","embeddable":true,"href":"https:\/\/amberdistribution.lv\/lv\/wp-json\/wp\/v2\/product_cat?post=5324"},{"taxonomy":"product_tag","embeddable":true,"href":"https:\/\/amberdistribution.lv\/lv\/wp-json\/wp\/v2\/product_tag?post=5324"}],"curies":[{"name":"wp","href":"https:\/\/api.w.org\/{rel}","templated":true}]}}