{"id":5327,"date":"2023-01-18T14:21:15","date_gmt":"2023-01-18T14:21:15","guid":{"rendered":"https:\/\/amberdistribution.lv\/?post_type=product&#038;p=5327"},"modified":"2024-08-14T07:26:06","modified_gmt":"2024-08-14T07:26:06","slug":"wolfberger-pinot-gris-grand-cru-eichberg-magnum-gb","status":"publish","type":"product","link":"https:\/\/amberdistribution.lv\/lv\/product\/wolfberger-pinot-gris-grand-cru-eichberg-magnum-gb\/","title":{"rendered":"Wolfberger Pinot Gris Grand Cru Eichberg Magnum"},"content":{"rendered":"<p>No Eichberg Grand Cru dienvidaustrumu nog\u0101z\u0113s audz\u0113t\u0101m, Pinot Gris v\u012bnog\u0101m gatavotais v\u012bns p\u0101rsteidz ar \u0101rk\u0101rt\u012bgi bag\u0101tiem arom\u0101tiem. Arom\u0101t\u0101 aprikozes, medus, bi\u0161u vasks, nogatavoju\u0161ies citrusaug\u013ci, pipark\u016bkas un pat \u013coti vieglas s\u0113\u0146u notis.<\/p>\n<p>Gar\u0161\u0101 izteikti noapa\u013cots, bag\u0101t\u012bgs v\u012bns ar vieglu saldumu, bet taj\u0101 pat laik\u0101 izcili svaigu gar\u0161u un ilgsto\u0161u aug\u013cainu p\u0113cgar\u0161u.<\/p>\n<p>Var pasniegt k\u0101 aperit\u012bvu, bet lieliski papildin\u0101s balt\u0101s ga\u013cas \u0113dienus, vistu, c\u016bkga\u013cu un \u012bpa\u0161i labi sader\u0113s ar foie gras.<\/p>\n","protected":false},"excerpt":{"rendered":"<p>No Eichberg Grand Cru dienvidaustrumu nog\u0101z\u0113s audz\u0113t\u0101m, Pinot Gris v\u012bnog\u0101m gatavotais v\u012bns p\u0101rsteidz ar \u0101rk\u0101rt\u012bgi bag\u0101tiem arom\u0101tiem. Arom\u0101t\u0101 aprikozes, medus, bi\u0161u vasks, nogatavoju\u0161ies citrusaug\u013ci, pipark\u016bkas un pat \u013coti vieglas s\u0113\u0146u...<\/p>\n","protected":false},"featured_media":6018,"template":"","meta":[],"product_cat":[418,419],"product_tag":[],"acf":[],"_links":{"self":[{"href":"https:\/\/amberdistribution.lv\/lv\/wp-json\/wp\/v2\/product\/5327"}],"collection":[{"href":"https:\/\/amberdistribution.lv\/lv\/wp-json\/wp\/v2\/product"}],"about":[{"href":"https:\/\/amberdistribution.lv\/lv\/wp-json\/wp\/v2\/types\/product"}],"wp:featuredmedia":[{"embeddable":true,"href":"https:\/\/amberdistribution.lv\/lv\/wp-json\/wp\/v2\/media\/6018"}],"wp:attachment":[{"href":"https:\/\/amberdistribution.lv\/lv\/wp-json\/wp\/v2\/media?parent=5327"}],"wp:term":[{"taxonomy":"product_cat","embeddable":true,"href":"https:\/\/amberdistribution.lv\/lv\/wp-json\/wp\/v2\/product_cat?post=5327"},{"taxonomy":"product_tag","embeddable":true,"href":"https:\/\/amberdistribution.lv\/lv\/wp-json\/wp\/v2\/product_tag?post=5327"}],"curies":[{"name":"wp","href":"https:\/\/api.w.org\/{rel}","templated":true}]}}