{"id":5330,"date":"2023-01-18T14:29:03","date_gmt":"2023-01-18T14:29:03","guid":{"rendered":"https:\/\/amberdistribution.lv\/?post_type=product&#038;p=5330"},"modified":"2023-03-08T09:00:26","modified_gmt":"2023-03-08T09:00:26","slug":"wolfberger-pinot-gris-epopee-magnum","status":"publish","type":"product","link":"https:\/\/amberdistribution.lv\/lv\/product\/wolfberger-pinot-gris-epopee-magnum\/","title":{"rendered":"Wolfberger Pinot Gris Epopee Magnum"},"content":{"rendered":"<p>\u0160is Pinot Gris Grand Cru Rangen tika nov\u0101kts ar rok\u0101m tr\u012bs r\u012btos 2019. gada oktobr\u012b. V\u012bns ir pussauss, elegants ar iztur\u0113\u0161anas potenci\u0101lu 20-30 gadi. V\u012bns velt\u012bts Wolfberger 120 dzim\u0161anas dienai, pieejams tikai Magnum, ierobe\u017eot\u0101 daudzum\u0101 \u2013 tikai 1130 pudeles.<br \/>\nRakstur\u012bgas grauzd\u0113tu, \u017e\u0101v\u0113tu un cukurotu aug\u013cu notis, vieglas ziedu un piparu nianses, bag\u0101t\u012bga, ide\u0101li sabalans\u0113ta, svaiga gar\u0161a.<br \/>\nIde\u0101ls aperit\u012bvs, \u012bpa\u0161i labi sader\u0113s ar j\u0113ra ga\u013cu, vieglu k\u016bpin\u0101tu vistu, j\u016bras \u0137emm\u012bt\u0113m, kas ceptas kop\u0101 ar bekonu.<\/p>\n","protected":false},"excerpt":{"rendered":"<p>\u0160is Pinot Gris Grand Cru Rangen tika nov\u0101kts ar rok\u0101m tr\u012bs r\u012btos 2019. gada oktobr\u012b. V\u012bns ir pussauss, elegants ar iztur\u0113\u0161anas potenci\u0101lu 20-30 gadi. V\u012bns velt\u012bts Wolfberger 120 dzim\u0161anas dienai,...<\/p>\n","protected":false},"featured_media":5331,"template":"","meta":[],"product_cat":[418,419],"product_tag":[],"acf":[],"_links":{"self":[{"href":"https:\/\/amberdistribution.lv\/lv\/wp-json\/wp\/v2\/product\/5330"}],"collection":[{"href":"https:\/\/amberdistribution.lv\/lv\/wp-json\/wp\/v2\/product"}],"about":[{"href":"https:\/\/amberdistribution.lv\/lv\/wp-json\/wp\/v2\/types\/product"}],"wp:featuredmedia":[{"embeddable":true,"href":"https:\/\/amberdistribution.lv\/lv\/wp-json\/wp\/v2\/media\/5331"}],"wp:attachment":[{"href":"https:\/\/amberdistribution.lv\/lv\/wp-json\/wp\/v2\/media?parent=5330"}],"wp:term":[{"taxonomy":"product_cat","embeddable":true,"href":"https:\/\/amberdistribution.lv\/lv\/wp-json\/wp\/v2\/product_cat?post=5330"},{"taxonomy":"product_tag","embeddable":true,"href":"https:\/\/amberdistribution.lv\/lv\/wp-json\/wp\/v2\/product_tag?post=5330"}],"curies":[{"name":"wp","href":"https:\/\/api.w.org\/{rel}","templated":true}]}}