{"id":5333,"date":"2023-01-18T14:35:15","date_gmt":"2023-01-18T14:35:15","guid":{"rendered":"https:\/\/amberdistribution.lv\/?post_type=product&#038;p=5333"},"modified":"2023-03-08T08:58:44","modified_gmt":"2023-03-08T08:58:44","slug":"wolfberger-w2","status":"publish","type":"product","link":"https:\/\/amberdistribution.lv\/lv\/product\/wolfberger-w2\/","title":{"rendered":"Wolfberger W2"},"content":{"rendered":"<p class=\"serp-title\">Wolfberger W2 ir br\u012bni\u0161\u0137\u012bgs divu Elzasas tipisko \u0161kir\u0146u blends Riesling un Pinot Gris.<\/p>\n<p>Atsvaidzino\u0161s, lieliski sabalans\u0113ts v\u012bns ar izteiksm\u012bgiem aug\u013cu arom\u0101tiem- persiki, bumbieri, rabarberi,\u00a0 sabalans\u0113ta un sp\u0113c\u012bga,\u00a0 aug\u013caina balto aug\u013cu gar\u0161a.\u00a0 Ieteicams pasniegt atdzes\u0113tu l\u012bdz 8-10 gr\u0101du tremperat\u016brai. Var pasniegt k\u0101 aperit\u012bvu, ide\u0101li sader ar \u0100zijas virtuvi, gril\u0113t\u0101m ziv\u012bm gril\u0113tu balto ga\u013cu, ve\u0123et\u0101riem \u0113dieniem.<\/p>\n","protected":false},"excerpt":{"rendered":"<p>Wolfberger W2 ir br\u012bni\u0161\u0137\u012bgs divu Elzasas tipisko \u0161kir\u0146u blends Riesling un Pinot Gris. Atsvaidzino\u0161s, lieliski sabalans\u0113ts v\u012bns ar izteiksm\u012bgiem aug\u013cu arom\u0101tiem- persiki, bumbieri, rabarberi,\u00a0 sabalans\u0113ta un sp\u0113c\u012bga,\u00a0 aug\u013caina balto aug\u013cu...<\/p>\n","protected":false},"featured_media":5334,"template":"","meta":[],"product_cat":[418,419],"product_tag":[],"acf":[],"_links":{"self":[{"href":"https:\/\/amberdistribution.lv\/lv\/wp-json\/wp\/v2\/product\/5333"}],"collection":[{"href":"https:\/\/amberdistribution.lv\/lv\/wp-json\/wp\/v2\/product"}],"about":[{"href":"https:\/\/amberdistribution.lv\/lv\/wp-json\/wp\/v2\/types\/product"}],"wp:featuredmedia":[{"embeddable":true,"href":"https:\/\/amberdistribution.lv\/lv\/wp-json\/wp\/v2\/media\/5334"}],"wp:attachment":[{"href":"https:\/\/amberdistribution.lv\/lv\/wp-json\/wp\/v2\/media?parent=5333"}],"wp:term":[{"taxonomy":"product_cat","embeddable":true,"href":"https:\/\/amberdistribution.lv\/lv\/wp-json\/wp\/v2\/product_cat?post=5333"},{"taxonomy":"product_tag","embeddable":true,"href":"https:\/\/amberdistribution.lv\/lv\/wp-json\/wp\/v2\/product_tag?post=5333"}],"curies":[{"name":"wp","href":"https:\/\/api.w.org\/{rel}","templated":true}]}}