{"id":5425,"date":"2023-01-20T07:32:49","date_gmt":"2023-01-20T07:32:49","guid":{"rendered":"https:\/\/amberdistribution.lv\/?post_type=product&#038;p=5425"},"modified":"2023-02-16T13:22:43","modified_gmt":"2023-02-16T13:22:43","slug":"bosca-pinot-grigio-delle-venezie-doc","status":"publish","type":"product","link":"https:\/\/amberdistribution.lv\/lv\/product\/bosca-pinot-grigio-delle-venezie-doc\/","title":{"rendered":"Bosca Pinot Grigio delle Venezie DOC"},"content":{"rendered":"<p>Bosca Pinot Grigio delle Venezie DOC ir sauss kvalitat\u012bvs baltv\u012bns, gatavots no Pinot Grigio \u0161\u0137irnes v\u012bnog\u0101m, kas audz\u0113tas Veneto re\u0123ion\u0101, It\u0101lijas zieme\u013caustrumos.<\/p>\n<p>V\u012bna bu\u0137etei rakstur\u012bgi ziedu, gatavu \u0101bolu un anan\u0101su arom\u0101ti.<\/p>\n<p>Ieteicams pasniegt atdzes\u0113tu kop\u0101 ar\u00a0 viegl\u0101m uzkod\u0101m, zivju \u0113dieniem.<\/p>\n","protected":false},"excerpt":{"rendered":"<p>Bosca Pinot Grigio delle Venezie DOC ir sauss kvalitat\u012bvs baltv\u012bns, gatavots no Pinot Grigio \u0161\u0137irnes v\u012bnog\u0101m, kas audz\u0113tas Veneto re\u0123ion\u0101, It\u0101lijas zieme\u013caustrumos. V\u012bna bu\u0137etei rakstur\u012bgi ziedu, gatavu \u0101bolu un anan\u0101su...<\/p>\n","protected":false},"featured_media":5426,"template":"","meta":[],"product_cat":[418,420],"product_tag":[],"acf":[],"_links":{"self":[{"href":"https:\/\/amberdistribution.lv\/lv\/wp-json\/wp\/v2\/product\/5425"}],"collection":[{"href":"https:\/\/amberdistribution.lv\/lv\/wp-json\/wp\/v2\/product"}],"about":[{"href":"https:\/\/amberdistribution.lv\/lv\/wp-json\/wp\/v2\/types\/product"}],"wp:featuredmedia":[{"embeddable":true,"href":"https:\/\/amberdistribution.lv\/lv\/wp-json\/wp\/v2\/media\/5426"}],"wp:attachment":[{"href":"https:\/\/amberdistribution.lv\/lv\/wp-json\/wp\/v2\/media?parent=5425"}],"wp:term":[{"taxonomy":"product_cat","embeddable":true,"href":"https:\/\/amberdistribution.lv\/lv\/wp-json\/wp\/v2\/product_cat?post=5425"},{"taxonomy":"product_tag","embeddable":true,"href":"https:\/\/amberdistribution.lv\/lv\/wp-json\/wp\/v2\/product_tag?post=5425"}],"curies":[{"name":"wp","href":"https:\/\/api.w.org\/{rel}","templated":true}]}}