{"id":5428,"date":"2023-01-20T07:39:53","date_gmt":"2023-01-20T07:39:53","guid":{"rendered":"https:\/\/amberdistribution.lv\/?post_type=product&#038;p=5428"},"modified":"2023-02-16T13:23:17","modified_gmt":"2023-02-16T13:23:17","slug":"bosca-trebbiano-chardonnay-rubicone-igt","status":"publish","type":"product","link":"https:\/\/amberdistribution.lv\/lv\/product\/bosca-trebbiano-chardonnay-rubicone-igt\/","title":{"rendered":"Bosca Trebbiano Chardonnay Rubicone IGT"},"content":{"rendered":"<p class=\"product-title\">Bosca Trebbiano Chardonnay Rubicone IGT ir sauss, kvalitat\u012bvs baltv\u012bns, gatavots no Chardonnay un Trebbiano \u0161\u0137irnes v\u012bnog\u0101m, kas audz\u0113tas Emilia-Romagna re\u0123ion\u0101, Rubikonas ielej\u0101. V\u012bna bu\u0137etei rakstur\u012bgas svaigas aug\u013cu notis, eleganta gar\u0161a. Ietecams pasniegt atdzes\u0113tu kop\u0101 ar putna ga\u013cu, zivju \u0113dieniem.<\/p>\n","protected":false},"excerpt":{"rendered":"<p>Bosca Trebbiano Chardonnay Rubicone IGT ir sauss, kvalitat\u012bvs baltv\u012bns, gatavots no Chardonnay un Trebbiano \u0161\u0137irnes v\u012bnog\u0101m, kas audz\u0113tas Emilia-Romagna re\u0123ion\u0101, Rubikonas ielej\u0101. V\u012bna bu\u0137etei rakstur\u012bgas svaigas aug\u013cu notis, eleganta gar\u0161a....<\/p>\n","protected":false},"featured_media":5429,"template":"","meta":[],"product_cat":[418,420],"product_tag":[],"acf":[],"_links":{"self":[{"href":"https:\/\/amberdistribution.lv\/lv\/wp-json\/wp\/v2\/product\/5428"}],"collection":[{"href":"https:\/\/amberdistribution.lv\/lv\/wp-json\/wp\/v2\/product"}],"about":[{"href":"https:\/\/amberdistribution.lv\/lv\/wp-json\/wp\/v2\/types\/product"}],"wp:featuredmedia":[{"embeddable":true,"href":"https:\/\/amberdistribution.lv\/lv\/wp-json\/wp\/v2\/media\/5429"}],"wp:attachment":[{"href":"https:\/\/amberdistribution.lv\/lv\/wp-json\/wp\/v2\/media?parent=5428"}],"wp:term":[{"taxonomy":"product_cat","embeddable":true,"href":"https:\/\/amberdistribution.lv\/lv\/wp-json\/wp\/v2\/product_cat?post=5428"},{"taxonomy":"product_tag","embeddable":true,"href":"https:\/\/amberdistribution.lv\/lv\/wp-json\/wp\/v2\/product_tag?post=5428"}],"curies":[{"name":"wp","href":"https:\/\/api.w.org\/{rel}","templated":true}]}}