{"id":5431,"date":"2023-01-20T07:48:22","date_gmt":"2023-01-20T07:48:22","guid":{"rendered":"https:\/\/amberdistribution.lv\/?post_type=product&#038;p=5431"},"modified":"2023-02-16T13:23:45","modified_gmt":"2023-02-16T13:23:45","slug":"bosca-sangiovese-merlot-rubicone-igt","status":"publish","type":"product","link":"https:\/\/amberdistribution.lv\/lv\/product\/bosca-sangiovese-merlot-rubicone-igt\/","title":{"rendered":"Bosca Sangiovese Merlot Rubicone IGT"},"content":{"rendered":"<div class=\"product info detailed after-content\">\n<div class=\"product data items\">\n<div class=\"product-data-items-content\">\n<div id=\"attributedescription\" class=\"data item content\" role=\"tabpanel\" data-role=\"content\" aria-labelledby=\"tab-label-attributedescription\" aria-hidden=\"false\">\n<div class=\"product attribute description\">\n<div class=\"value\">Bosca Sangiovese Merlot Rubicone IGT ir sauss, kvalitat\u012bvs sarkanv\u012bns, gatavots no Sangiovese un Merlot \u0161\u0137irnes v\u012bnog\u0101m. Rub\u012bnsarkan\u0101 v\u012bna bu\u0137etei rakstur\u012bgi pat\u012bkami ziedu arom\u0101ti un \u0137ir\u0161u notis. Lieliski sader\u0113s ar gril\u0113tiem \u0113dieniem, salami, vistas ga\u013cu.<\/div>\n<\/div>\n<\/div>\n<\/div>\n<\/div>\n<\/div>\n<div class=\"block related-product-main has-sub navigation-top related\" data-limit=\"0\" data-shuffle=\"0\"><\/div>\n","protected":false},"excerpt":{"rendered":"<p>Bosca Sangiovese Merlot Rubicone IGT ir sauss, kvalitat\u012bvs sarkanv\u012bns, gatavots no Sangiovese un Merlot \u0161\u0137irnes v\u012bnog\u0101m. Rub\u012bnsarkan\u0101 v\u012bna bu\u0137etei rakstur\u012bgi pat\u012bkami ziedu arom\u0101ti un \u0137ir\u0161u notis. Lieliski sader\u0113s ar gril\u0113tiem...<\/p>\n","protected":false},"featured_media":5432,"template":"","meta":[],"product_cat":[418,420],"product_tag":[],"acf":[],"_links":{"self":[{"href":"https:\/\/amberdistribution.lv\/lv\/wp-json\/wp\/v2\/product\/5431"}],"collection":[{"href":"https:\/\/amberdistribution.lv\/lv\/wp-json\/wp\/v2\/product"}],"about":[{"href":"https:\/\/amberdistribution.lv\/lv\/wp-json\/wp\/v2\/types\/product"}],"wp:featuredmedia":[{"embeddable":true,"href":"https:\/\/amberdistribution.lv\/lv\/wp-json\/wp\/v2\/media\/5432"}],"wp:attachment":[{"href":"https:\/\/amberdistribution.lv\/lv\/wp-json\/wp\/v2\/media?parent=5431"}],"wp:term":[{"taxonomy":"product_cat","embeddable":true,"href":"https:\/\/amberdistribution.lv\/lv\/wp-json\/wp\/v2\/product_cat?post=5431"},{"taxonomy":"product_tag","embeddable":true,"href":"https:\/\/amberdistribution.lv\/lv\/wp-json\/wp\/v2\/product_tag?post=5431"}],"curies":[{"name":"wp","href":"https:\/\/api.w.org\/{rel}","templated":true}]}}