{"id":5469,"date":"2023-01-20T09:51:47","date_gmt":"2023-01-20T09:51:47","guid":{"rendered":"https:\/\/amberdistribution.lv\/?post_type=product&#038;p=5469"},"modified":"2023-02-16T13:06:44","modified_gmt":"2023-02-16T13:06:44","slug":"becksteiner-winzer-sauvignon-blanc-qba-trocken","status":"publish","type":"product","link":"https:\/\/amberdistribution.lv\/lv\/product\/becksteiner-winzer-sauvignon-blanc-qba-trocken\/","title":{"rendered":"Becksteiner Winzer Sauvignon Blanc QbA trocken"},"content":{"rendered":"<p>Becksteiner Winzer Sauvignon Blanc QbA trocken ir atsvaidzino\u0161s un krauk\u0161\u0137\u012bgs sausaiss baltv\u012bns no Sauvignon Blanc, gatavots sekojot Jaunz\u0113landes lab\u0101kajiem paraugiem, ar viegliem za\u013co piparu, \u0113rk\u0161\u0137ogu \u00a0un laima arom\u0101tiem. Ieteicams pasniegt atdzes\u0113tu \u00a08-10 \u00b0C \u00a0ar maigiem sieriem, ve\u0123et\u0101riem \u0113dieniem, uzkod\u0101m, j\u016bras velt\u0113m.<\/p>\n","protected":false},"excerpt":{"rendered":"<p>Becksteiner Winzer Sauvignon Blanc QbA trocken ir atsvaidzino\u0161s un krauk\u0161\u0137\u012bgs sausaiss baltv\u012bns no Sauvignon Blanc, gatavots sekojot Jaunz\u0113landes lab\u0101kajiem paraugiem, ar viegliem za\u013co piparu, \u0113rk\u0161\u0137ogu \u00a0un laima arom\u0101tiem. Ieteicams pasniegt...<\/p>\n","protected":false},"featured_media":5470,"template":"","meta":[],"product_cat":[418,433],"product_tag":[],"acf":[],"_links":{"self":[{"href":"https:\/\/amberdistribution.lv\/lv\/wp-json\/wp\/v2\/product\/5469"}],"collection":[{"href":"https:\/\/amberdistribution.lv\/lv\/wp-json\/wp\/v2\/product"}],"about":[{"href":"https:\/\/amberdistribution.lv\/lv\/wp-json\/wp\/v2\/types\/product"}],"wp:featuredmedia":[{"embeddable":true,"href":"https:\/\/amberdistribution.lv\/lv\/wp-json\/wp\/v2\/media\/5470"}],"wp:attachment":[{"href":"https:\/\/amberdistribution.lv\/lv\/wp-json\/wp\/v2\/media?parent=5469"}],"wp:term":[{"taxonomy":"product_cat","embeddable":true,"href":"https:\/\/amberdistribution.lv\/lv\/wp-json\/wp\/v2\/product_cat?post=5469"},{"taxonomy":"product_tag","embeddable":true,"href":"https:\/\/amberdistribution.lv\/lv\/wp-json\/wp\/v2\/product_tag?post=5469"}],"curies":[{"name":"wp","href":"https:\/\/api.w.org\/{rel}","templated":true}]}}