{"id":5474,"date":"2023-01-20T10:03:23","date_gmt":"2023-01-20T10:03:23","guid":{"rendered":"https:\/\/amberdistribution.lv\/?post_type=product&#038;p=5474"},"modified":"2023-02-16T13:07:35","modified_gmt":"2023-02-16T13:07:35","slug":"becksteiner-winzer-riesling-qba-feinherb-semi-dry","status":"publish","type":"product","link":"https:\/\/amberdistribution.lv\/lv\/product\/becksteiner-winzer-riesling-qba-feinherb-semi-dry\/","title":{"rendered":"Becksteiner Winzer Riesling\u00a0QbA Feinherb semi-dry"},"content":{"rendered":"<p>Becksteiner Winzer Riesling QbA Feinherb pussausais baltv\u012bns no V\u0101cijas, B\u0101denes Tauberfrankenas re\u0123iona. Klasisks rislings ar svaigiem citronu, mandar\u012bnu un balto ziedu arom\u0101tiem, ide\u0101li sabalans\u0113tu, aug\u013cainu gar\u0161u ar vieglu mineralit\u0101tes noti.<\/p>\n<p>Lieliski sader\u0113s ar sal\u0101tiem, ziv\u012bm un c\u016bkga\u013cas \u0113dieniem. Ieteicams pasniegt atdzes\u0113tu l\u012bdz 8-10 \u00b0C.<\/p>\n","protected":false},"excerpt":{"rendered":"<p>Becksteiner Winzer Riesling QbA Feinherb pussausais baltv\u012bns no V\u0101cijas, B\u0101denes Tauberfrankenas re\u0123iona. Klasisks rislings ar svaigiem citronu, mandar\u012bnu un balto ziedu arom\u0101tiem, ide\u0101li sabalans\u0113tu, aug\u013cainu gar\u0161u ar vieglu mineralit\u0101tes noti....<\/p>\n","protected":false},"featured_media":5475,"template":"","meta":[],"product_cat":[418,433],"product_tag":[],"acf":[],"_links":{"self":[{"href":"https:\/\/amberdistribution.lv\/lv\/wp-json\/wp\/v2\/product\/5474"}],"collection":[{"href":"https:\/\/amberdistribution.lv\/lv\/wp-json\/wp\/v2\/product"}],"about":[{"href":"https:\/\/amberdistribution.lv\/lv\/wp-json\/wp\/v2\/types\/product"}],"wp:featuredmedia":[{"embeddable":true,"href":"https:\/\/amberdistribution.lv\/lv\/wp-json\/wp\/v2\/media\/5475"}],"wp:attachment":[{"href":"https:\/\/amberdistribution.lv\/lv\/wp-json\/wp\/v2\/media?parent=5474"}],"wp:term":[{"taxonomy":"product_cat","embeddable":true,"href":"https:\/\/amberdistribution.lv\/lv\/wp-json\/wp\/v2\/product_cat?post=5474"},{"taxonomy":"product_tag","embeddable":true,"href":"https:\/\/amberdistribution.lv\/lv\/wp-json\/wp\/v2\/product_tag?post=5474"}],"curies":[{"name":"wp","href":"https:\/\/api.w.org\/{rel}","templated":true}]}}