{"id":5481,"date":"2023-01-20T10:19:19","date_gmt":"2023-01-20T10:19:19","guid":{"rendered":"https:\/\/amberdistribution.lv\/?post_type=product&#038;p=5481"},"modified":"2023-02-16T13:14:15","modified_gmt":"2023-02-16T13:14:15","slug":"becksteiner-kilian-riesling-kabinett-trocken","status":"publish","type":"product","link":"https:\/\/amberdistribution.lv\/lv\/product\/becksteiner-kilian-riesling-kabinett-trocken\/","title":{"rendered":"Becksteiner Kilian Riesling Kabinett trocken"},"content":{"rendered":"<p>Pirms vair\u0101k k\u0101 1300 gadiem p\u0101vests Kilian ce\u013coja pa Tauberfranken re\u0123ionu.<\/p>\n<p>Sv. Kilian k\u013cuva par re\u0123iona v\u012bnogu audz\u0113t\u0101ju patronu un t\u0101 tas palicis ar\u012b m\u016bsdien\u0101s, kad vi\u0146s tiek uzskat\u012bts par vec\u0101k\u0101 un liel\u0101k\u0101 v\u012bnogu audz\u0113t\u0101ju kooperat\u012bva Becksteiner patrons.<\/p>\n<p>Lai godin\u0101tu \u0161o seno trad\u012bciju premium l\u012bnijas v\u012bni nosaukti Kilian v\u0101rd\u0101. \u0160ai v\u012bnu l\u012bnijai izmanto v\u012bnogas no lab\u0101kajiem v\u012bnogu laukiem, kuru nog\u0101zes v\u0113rstas dienvidu un dienvidrietumu virzien\u0101, nov\u0101cot v\u012bnogas p\u0113c iesp\u0113jas v\u0113l\u0101k. Kilian v\u012bni izce\u013cas ar svaigumuun pat\u012bkamu mineralit\u0113ti, pateicoties ka\u013c\u0137akmens augsn\u0113m ar glieme\u017eu nogul\u0101m.<\/p>\n<p>Becksteiner Kilian Riesling Kabinett trocken ir elegants krauk\u0161\u0137\u012bgs sausais baltv\u012bns ar persiku un laima arom\u0101tiem.<\/p>\n<p>Ide\u0101li sader\u0113s ar ziv\u012bm, j\u016bras velt\u0113m, viegliem ga\u013cas \u0113dieniem, d\u0101rze\u0146u \u0113dieniem un sal\u0101tiem.<\/p>\n","protected":false},"excerpt":{"rendered":"<p>Pirms vair\u0101k k\u0101 1300 gadiem p\u0101vests Kilian ce\u013coja pa Tauberfranken re\u0123ionu. Sv. Kilian k\u013cuva par re\u0123iona v\u012bnogu audz\u0113t\u0101ju patronu un t\u0101 tas palicis ar\u012b m\u016bsdien\u0101s, kad vi\u0146s tiek uzskat\u012bts par...<\/p>\n","protected":false},"featured_media":5482,"template":"","meta":[],"product_cat":[418,433],"product_tag":[],"acf":[],"_links":{"self":[{"href":"https:\/\/amberdistribution.lv\/lv\/wp-json\/wp\/v2\/product\/5481"}],"collection":[{"href":"https:\/\/amberdistribution.lv\/lv\/wp-json\/wp\/v2\/product"}],"about":[{"href":"https:\/\/amberdistribution.lv\/lv\/wp-json\/wp\/v2\/types\/product"}],"wp:featuredmedia":[{"embeddable":true,"href":"https:\/\/amberdistribution.lv\/lv\/wp-json\/wp\/v2\/media\/5482"}],"wp:attachment":[{"href":"https:\/\/amberdistribution.lv\/lv\/wp-json\/wp\/v2\/media?parent=5481"}],"wp:term":[{"taxonomy":"product_cat","embeddable":true,"href":"https:\/\/amberdistribution.lv\/lv\/wp-json\/wp\/v2\/product_cat?post=5481"},{"taxonomy":"product_tag","embeddable":true,"href":"https:\/\/amberdistribution.lv\/lv\/wp-json\/wp\/v2\/product_tag?post=5481"}],"curies":[{"name":"wp","href":"https:\/\/api.w.org\/{rel}","templated":true}]}}